{"id":90941,"date":"2025-10-20T08:56:44","date_gmt":"2025-10-20T06:56:44","guid":{"rendered":"https:\/\/mandum.disstintbeta.com\/lookbook-ss25\/"},"modified":"2026-03-18T16:06:49","modified_gmt":"2026-03-18T15:06:49","slug":"lookbook-ss25","status":"publish","type":"page","link":"https:\/\/mandum.com\/ca\/lookbook-ss25\/","title":{"rendered":"Lookbook SS25\u200b"},"content":{"rendered":"\t\t<div data-elementor-type=\"wp-page\" data-elementor-id=\"90941\" class=\"elementor elementor-90941 elementor-87648\" data-elementor-post-type=\"page\">\n\t\t\t\t<div class=\"elementor-element elementor-element-0f03bc7 e-con-full e-flex e-con e-parent\" data-id=\"0f03bc7\" data-element_type=\"container\" data-e-type=\"container\">\n\t\t<div class=\"elementor-element elementor-element-3a2f92d e-grid e-con-full e-con e-child\" data-id=\"3a2f92d\" data-element_type=\"container\" data-e-type=\"container\">\n\t\t\t\t<div class=\"elementor-element elementor-element-51701ac elementor-widget elementor-widget-image\" data-id=\"51701ac\" data-element_type=\"widget\" data-e-type=\"widget\" data-widget_type=\"image.default\">\n\t\t\t\t\t\t\t\t\t\t\t\t\t\t\t<img fetchpriority=\"high\" decoding=\"async\" width=\"1080\" height=\"1620\" src=\"https:\/\/mandum.com\/wp-content\/uploads\/2025\/11\/vestido-estampado-azul-turquesa.jpg\" class=\"attachment-full size-full wp-image-91363\" alt=\"Dona amb vestit blau turquesa d\u00b4inspiraci\u00f3 mediterr\u00e0nia, estil artesanal i natural.\" srcset=\"https:\/\/mandum.com\/wp-content\/uploads\/2025\/11\/vestido-estampado-azul-turquesa.jpg 1080w, https:\/\/mandum.com\/wp-content\/uploads\/2025\/11\/vestido-estampado-azul-turquesa-400x600.jpg 400w, https:\/\/mandum.com\/wp-content\/uploads\/2025\/11\/vestido-estampado-azul-turquesa-667x1000.jpg 667w, https:\/\/mandum.com\/wp-content\/uploads\/2025\/11\/vestido-estampado-azul-turquesa-768x1152.jpg 768w, https:\/\/mandum.com\/wp-content\/uploads\/2025\/11\/vestido-estampado-azul-turquesa-1024x1536.jpg 1024w, https:\/\/mandum.com\/wp-content\/uploads\/2025\/11\/vestido-estampado-azul-turquesa-700x1050.jpg 700w, https:\/\/mandum.com\/wp-content\/uploads\/2025\/11\/vestido-estampado-azul-turquesa-900x1350.jpg 900w\" sizes=\"(max-width: 1080px) 100vw, 1080px\" \/>\t\t\t\t\t\t\t\t\t\t\t\t\t\t\t<\/div>\n\t\t\t\t<div class=\"elementor-element elementor-element-533ac67 elementor-widget elementor-widget-image\" data-id=\"533ac67\" data-element_type=\"widget\" data-e-type=\"widget\" data-widget_type=\"image.default\">\n\t\t\t\t\t\t\t\t\t\t\t\t\t\t\t<img decoding=\"async\" width=\"1080\" height=\"1620\" src=\"https:\/\/mandum.com\/wp-content\/uploads\/2025\/04\/CAM12-TULIP-NAVY.jpg\" class=\"attachment-full size-full wp-image-84300\" alt=\"Camisa estampada blava d&#039;estil mediterrani i bohemi a lookbook Mandum, combinada amb texans per a un outfit contemporani.\" srcset=\"https:\/\/mandum.com\/wp-content\/uploads\/2025\/04\/CAM12-TULIP-NAVY.jpg 1080w, https:\/\/mandum.com\/wp-content\/uploads\/2025\/04\/CAM12-TULIP-NAVY-700x1050.jpg 700w, https:\/\/mandum.com\/wp-content\/uploads\/2025\/04\/CAM12-TULIP-NAVY-900x1350.jpg 900w, https:\/\/mandum.com\/wp-content\/uploads\/2025\/04\/CAM12-TULIP-NAVY-400x600.jpg 400w, https:\/\/mandum.com\/wp-content\/uploads\/2025\/04\/CAM12-TULIP-NAVY-667x1000.jpg 667w, https:\/\/mandum.com\/wp-content\/uploads\/2025\/04\/CAM12-TULIP-NAVY-768x1152.jpg 768w, https:\/\/mandum.com\/wp-content\/uploads\/2025\/04\/CAM12-TULIP-NAVY-1024x1536.jpg 1024w\" sizes=\"(max-width: 1080px) 100vw, 1080px\" \/>\t\t\t\t\t\t\t\t\t\t\t\t\t\t\t<\/div>\n\t\t\t\t<div class=\"elementor-element elementor-element-0b63b21 elementor-widget elementor-widget-image\" data-id=\"0b63b21\" data-element_type=\"widget\" data-e-type=\"widget\" data-widget_type=\"image.default\">\n\t\t\t\t\t\t\t\t\t\t\t\t\t\t\t<img decoding=\"async\" width=\"1080\" height=\"1620\" src=\"https:\/\/mandum.com\/wp-content\/uploads\/2025\/04\/FL03-GEONG02.jpg\" class=\"attachment-full size-full wp-image-84498\" alt=\"Dona amb faldilla llarga estampada en blanc i negre inspirada en l&#039;estil mediterrani i combinada amb look artesanal i natural.\" srcset=\"https:\/\/mandum.com\/wp-content\/uploads\/2025\/04\/FL03-GEONG02.jpg 1080w, https:\/\/mandum.com\/wp-content\/uploads\/2025\/04\/FL03-GEONG02-700x1050.jpg 700w, https:\/\/mandum.com\/wp-content\/uploads\/2025\/04\/FL03-GEONG02-900x1350.jpg 900w, https:\/\/mandum.com\/wp-content\/uploads\/2025\/04\/FL03-GEONG02-400x600.jpg 400w, https:\/\/mandum.com\/wp-content\/uploads\/2025\/04\/FL03-GEONG02-667x1000.jpg 667w, https:\/\/mandum.com\/wp-content\/uploads\/2025\/04\/FL03-GEONG02-768x1152.jpg 768w, https:\/\/mandum.com\/wp-content\/uploads\/2025\/04\/FL03-GEONG02-1024x1536.jpg 1024w\" sizes=\"(max-width: 1080px) 100vw, 1080px\" \/>\t\t\t\t\t\t\t\t\t\t\t\t\t\t\t<\/div>\n\t\t\t\t<\/div>\n\t\t\t\t<\/div>\n\t\t<div class=\"elementor-element elementor-element-662735e e-con-full e-flex e-con e-parent\" data-id=\"662735e\" data-element_type=\"container\" data-e-type=\"container\">\n\t\t<div class=\"elementor-element elementor-element-47eaf16 e-grid e-con-full e-con e-child\" data-id=\"47eaf16\" data-element_type=\"container\" data-e-type=\"container\">\n\t\t\t\t<div class=\"elementor-element elementor-element-6601a28 elementor-widget elementor-widget-image\" data-id=\"6601a28\" data-element_type=\"widget\" data-e-type=\"widget\" data-widget_type=\"image.default\">\n\t\t\t\t\t\t\t\t\t\t\t\t\t\t\t<img loading=\"lazy\" decoding=\"async\" width=\"1080\" height=\"1620\" src=\"https:\/\/mandum.com\/wp-content\/uploads\/2026\/01\/CAM03-GOBI-AZUL.jpg\" class=\"attachment-full size-full wp-image-96763\" alt=\"Vestit-camiseta blau amb estampat mediterrani al lookbook de Mandum, d&#039;estil bohemi i contemporani per inspirar els teus conjunts.\" \/>\t\t\t\t\t\t\t\t\t\t\t\t\t\t\t<\/div>\n\t\t\t\t<div class=\"elementor-element elementor-element-780854b elementor-widget elementor-widget-image\" data-id=\"780854b\" data-element_type=\"widget\" data-e-type=\"widget\" data-widget_type=\"image.default\">\n\t\t\t\t\t\t\t\t\t\t\t\t\t\t\t<img loading=\"lazy\" decoding=\"async\" width=\"1080\" height=\"1620\" src=\"https:\/\/mandum.com\/wp-content\/uploads\/2026\/01\/VC34-KUBA-BL.jpg\" class=\"attachment-full size-full wp-image-96764\" alt=\"Vestit turquesa amb estampat geom\u00e8tric d&#039;inspiraci\u00f3 bohemia, look Mandum 2025 amb estil mediterrani i sostenibilitat.\" \/>\t\t\t\t\t\t\t\t\t\t\t\t\t\t\t<\/div>\n\t\t\t\t<\/div>\n\t\t\t\t<\/div>\n\t\t<div class=\"elementor-element elementor-element-3c37eb7 e-con-full e-flex e-con e-parent\" data-id=\"3c37eb7\" data-element_type=\"container\" data-e-type=\"container\">\n\t\t<div class=\"elementor-element elementor-element-9b8b925 e-grid e-con-full e-con e-child\" data-id=\"9b8b925\" data-element_type=\"container\" data-e-type=\"container\">\n\t\t\t\t<div class=\"elementor-element elementor-element-7a29dbb elementor-widget elementor-widget-image\" data-id=\"7a29dbb\" data-element_type=\"widget\" data-e-type=\"widget\" data-widget_type=\"image.default\">\n\t\t\t\t\t\t\t\t\t\t\t\t\t\t\t<img loading=\"lazy\" decoding=\"async\" width=\"1080\" height=\"1620\" src=\"https:\/\/mandum.com\/wp-content\/uploads\/2026\/01\/6759-ARREC-AZULb.jpg\" class=\"attachment-full size-full wp-image-96765\" alt=\"\" \/>\t\t\t\t\t\t\t\t\t\t\t\t\t\t\t<\/div>\n\t\t\t\t<div class=\"elementor-element elementor-element-8af34cd elementor-widget elementor-widget-image\" data-id=\"8af34cd\" data-element_type=\"widget\" data-e-type=\"widget\" data-widget_type=\"image.default\">\n\t\t\t\t\t\t\t\t\t\t\t\t\t\t\t<img loading=\"lazy\" decoding=\"async\" width=\"1080\" height=\"1620\" src=\"https:\/\/mandum.com\/wp-content\/uploads\/2026\/01\/VLL14-CATAI-TQ.jpg\" class=\"attachment-full size-full wp-image-96766\" alt=\"Vestit llarg verd amb estampat geom\u00e8tric i esquena oberta, look Mandum amb estil bohemi i eleg\u00e0ncia mediterr\u00e0nia.\" \/>\t\t\t\t\t\t\t\t\t\t\t\t\t\t\t<\/div>\n\t\t\t\t<div class=\"elementor-element elementor-element-ac4d4ab elementor-widget elementor-widget-image\" data-id=\"ac4d4ab\" data-element_type=\"widget\" data-e-type=\"widget\" data-widget_type=\"image.default\">\n\t\t\t\t\t\t\t\t\t\t\t\t\t\t\t<img loading=\"lazy\" decoding=\"async\" width=\"1080\" height=\"1620\" src=\"https:\/\/mandum.com\/wp-content\/uploads\/2025\/04\/1682-ARRECIFE-NG.jpg\" class=\"attachment-full size-full wp-image-83919\" alt=\"Vestit llarg negre i beix amb estampat org\u00e0nic, disseny Mandum d&#039;estil bohemi i esperit mediterrani sostenible.\" srcset=\"https:\/\/mandum.com\/wp-content\/uploads\/2025\/04\/1682-ARRECIFE-NG.jpg 1080w, https:\/\/mandum.com\/wp-content\/uploads\/2025\/04\/1682-ARRECIFE-NG-700x1050.jpg 700w, https:\/\/mandum.com\/wp-content\/uploads\/2025\/04\/1682-ARRECIFE-NG-900x1350.jpg 900w, https:\/\/mandum.com\/wp-content\/uploads\/2025\/04\/1682-ARRECIFE-NG-400x600.jpg 400w, https:\/\/mandum.com\/wp-content\/uploads\/2025\/04\/1682-ARRECIFE-NG-667x1000.jpg 667w, https:\/\/mandum.com\/wp-content\/uploads\/2025\/04\/1682-ARRECIFE-NG-768x1152.jpg 768w, https:\/\/mandum.com\/wp-content\/uploads\/2025\/04\/1682-ARRECIFE-NG-1024x1536.jpg 1024w\" sizes=\"(max-width: 1080px) 100vw, 1080px\" \/>\t\t\t\t\t\t\t\t\t\t\t\t\t\t\t<\/div>\n\t\t\t\t<\/div>\n\t\t\t\t<\/div>\n\t\t<div class=\"elementor-element elementor-element-fc78402 e-con-full e-flex e-con e-parent\" data-id=\"fc78402\" data-element_type=\"container\" data-e-type=\"container\">\n\t\t<div class=\"elementor-element elementor-element-0bedc40 e-grid e-con-full e-con e-child\" data-id=\"0bedc40\" data-element_type=\"container\" data-e-type=\"container\">\n\t\t\t\t<div class=\"elementor-element elementor-element-eeb5e19 elementor-widget elementor-widget-image\" data-id=\"eeb5e19\" data-element_type=\"widget\" data-e-type=\"widget\" data-widget_type=\"image.default\">\n\t\t\t\t\t\t\t\t\t\t\t\t\t\t\t<img loading=\"lazy\" decoding=\"async\" width=\"2375\" height=\"1080\" src=\"https:\/\/mandum.com\/wp-content\/uploads\/2026\/03\/IMA-horitz.jpg\" class=\"attachment-full size-full wp-image-96856\" alt=\"\" \/>\t\t\t\t\t\t\t\t\t\t\t\t\t\t\t<\/div>\n\t\t\t\t<\/div>\n\t\t\t\t<\/div>\n\t\t\t\t<\/div>\n\t\t","protected":false},"excerpt":{"rendered":"","protected":false},"author":73,"featured_media":0,"parent":0,"menu_order":0,"comment_status":"closed","ping_status":"closed","template":"","meta":{"_acf_changed":false,"footnotes":""},"class_list":["post-90941","page","type-page","status-publish","hentry"],"acf":[],"yoast_head":"<!-- This site is optimized with the Yoast SEO plugin v26.6 - https:\/\/yoast.com\/wordpress\/plugins\/seo\/ -->\n<title>SS25 | MANDUM<\/title>\n<meta name=\"robots\" content=\"index, follow, max-snippet:-1, max-image-preview:large, max-video-preview:-1\" \/>\n<link rel=\"canonical\" href=\"https:\/\/mandum.com\/ca\/lookbook-ss25\/\" \/>\n<meta property=\"og:locale\" content=\"ca_ES\" \/>\n<meta property=\"og:type\" content=\"article\" \/>\n<meta property=\"og:title\" content=\"SS25 | MANDUM\" \/>\n<meta property=\"og:url\" content=\"https:\/\/mandum.com\/ca\/lookbook-ss25\/\" \/>\n<meta property=\"og:site_name\" content=\"MANDUM\" \/>\n<meta property=\"article:modified_time\" content=\"2026-03-18T15:06:49+00:00\" \/>\n<meta property=\"og:image\" content=\"https:\/\/mandum.com\/wp-content\/uploads\/2025\/11\/vestido-estampado-azul-turquesa.jpg\" \/>\n\t<meta property=\"og:image:width\" content=\"1080\" \/>\n\t<meta property=\"og:image:height\" content=\"1620\" \/>\n\t<meta property=\"og:image:type\" content=\"image\/jpeg\" \/>\n<meta name=\"twitter:card\" content=\"summary_large_image\" \/>\n<script type=\"application\/ld+json\" class=\"yoast-schema-graph\">{\"@context\":\"https:\/\/schema.org\",\"@graph\":[{\"@type\":\"WebPage\",\"@id\":\"https:\/\/mandum.com\/ca\/lookbook-ss25\/\",\"url\":\"https:\/\/mandum.com\/ca\/lookbook-ss25\/\",\"name\":\"SS25 | MANDUM\",\"isPartOf\":{\"@id\":\"https:\/\/mandum.com\/ca\/#website\"},\"primaryImageOfPage\":{\"@id\":\"https:\/\/mandum.com\/ca\/lookbook-ss25\/#primaryimage\"},\"image\":{\"@id\":\"https:\/\/mandum.com\/ca\/lookbook-ss25\/#primaryimage\"},\"thumbnailUrl\":\"https:\/\/mandum.com\/wp-content\/uploads\/2025\/11\/vestido-estampado-azul-turquesa.jpg\",\"datePublished\":\"2025-10-20T06:56:44+00:00\",\"dateModified\":\"2026-03-18T15:06:49+00:00\",\"breadcrumb\":{\"@id\":\"https:\/\/mandum.com\/ca\/lookbook-ss25\/#breadcrumb\"},\"inLanguage\":\"ca\",\"potentialAction\":[{\"@type\":\"ReadAction\",\"target\":[\"https:\/\/mandum.com\/ca\/lookbook-ss25\/\"]}]},{\"@type\":\"ImageObject\",\"inLanguage\":\"ca\",\"@id\":\"https:\/\/mandum.com\/ca\/lookbook-ss25\/#primaryimage\",\"url\":\"https:\/\/mandum.com\/wp-content\/uploads\/2025\/11\/vestido-estampado-azul-turquesa.jpg\",\"contentUrl\":\"https:\/\/mandum.com\/wp-content\/uploads\/2025\/11\/vestido-estampado-azul-turquesa.jpg\"},{\"@type\":\"BreadcrumbList\",\"@id\":\"https:\/\/mandum.com\/ca\/lookbook-ss25\/#breadcrumb\",\"itemListElement\":[{\"@type\":\"ListItem\",\"position\":1,\"name\":\"Portada\",\"item\":\"https:\/\/mandum.com\/ca\/\"},{\"@type\":\"ListItem\",\"position\":2,\"name\":\"Lookbook SS25\u200b\"}]},{\"@type\":\"WebSite\",\"@id\":\"https:\/\/mandum.com\/ca\/#website\",\"url\":\"https:\/\/mandum.com\/ca\/\",\"name\":\"MANDUM\",\"description\":\"Slow Fashion\",\"publisher\":{\"@id\":\"https:\/\/mandum.com\/ca\/#organization\"},\"potentialAction\":[{\"@type\":\"SearchAction\",\"target\":{\"@type\":\"EntryPoint\",\"urlTemplate\":\"https:\/\/mandum.com\/ca\/?s={search_term_string}\"},\"query-input\":{\"@type\":\"PropertyValueSpecification\",\"valueRequired\":true,\"valueName\":\"search_term_string\"}}],\"inLanguage\":\"ca\"},{\"@type\":\"Organization\",\"@id\":\"https:\/\/mandum.com\/ca\/#organization\",\"name\":\"MANDUM\",\"url\":\"https:\/\/mandum.com\/ca\/\",\"logo\":{\"@type\":\"ImageObject\",\"inLanguage\":\"ca\",\"@id\":\"https:\/\/mandum.com\/ca\/#\/schema\/logo\/image\/\",\"url\":\"https:\/\/mandum.com\/wp-content\/uploads\/2025\/11\/logo-mandum-scaled-1.png\",\"contentUrl\":\"https:\/\/mandum.com\/wp-content\/uploads\/2025\/11\/logo-mandum-scaled-1.png\",\"width\":2560,\"height\":884,\"caption\":\"MANDUM\"},\"image\":{\"@id\":\"https:\/\/mandum.com\/ca\/#\/schema\/logo\/image\/\"}}]}<\/script>\n<!-- \/ Yoast SEO plugin. -->","yoast_head_json":{"title":"SS25 | MANDUM","robots":{"index":"index","follow":"follow","max-snippet":"max-snippet:-1","max-image-preview":"max-image-preview:large","max-video-preview":"max-video-preview:-1"},"canonical":"https:\/\/mandum.com\/ca\/lookbook-ss25\/","og_locale":"ca_ES","og_type":"article","og_title":"SS25 | MANDUM","og_url":"https:\/\/mandum.com\/ca\/lookbook-ss25\/","og_site_name":"MANDUM","article_modified_time":"2026-03-18T15:06:49+00:00","og_image":[{"width":1080,"height":1620,"url":"https:\/\/mandum.com\/wp-content\/uploads\/2025\/11\/vestido-estampado-azul-turquesa.jpg","type":"image\/jpeg"}],"twitter_card":"summary_large_image","schema":{"@context":"https:\/\/schema.org","@graph":[{"@type":"WebPage","@id":"https:\/\/mandum.com\/ca\/lookbook-ss25\/","url":"https:\/\/mandum.com\/ca\/lookbook-ss25\/","name":"SS25 | MANDUM","isPartOf":{"@id":"https:\/\/mandum.com\/ca\/#website"},"primaryImageOfPage":{"@id":"https:\/\/mandum.com\/ca\/lookbook-ss25\/#primaryimage"},"image":{"@id":"https:\/\/mandum.com\/ca\/lookbook-ss25\/#primaryimage"},"thumbnailUrl":"https:\/\/mandum.com\/wp-content\/uploads\/2025\/11\/vestido-estampado-azul-turquesa.jpg","datePublished":"2025-10-20T06:56:44+00:00","dateModified":"2026-03-18T15:06:49+00:00","breadcrumb":{"@id":"https:\/\/mandum.com\/ca\/lookbook-ss25\/#breadcrumb"},"inLanguage":"ca","potentialAction":[{"@type":"ReadAction","target":["https:\/\/mandum.com\/ca\/lookbook-ss25\/"]}]},{"@type":"ImageObject","inLanguage":"ca","@id":"https:\/\/mandum.com\/ca\/lookbook-ss25\/#primaryimage","url":"https:\/\/mandum.com\/wp-content\/uploads\/2025\/11\/vestido-estampado-azul-turquesa.jpg","contentUrl":"https:\/\/mandum.com\/wp-content\/uploads\/2025\/11\/vestido-estampado-azul-turquesa.jpg"},{"@type":"BreadcrumbList","@id":"https:\/\/mandum.com\/ca\/lookbook-ss25\/#breadcrumb","itemListElement":[{"@type":"ListItem","position":1,"name":"Portada","item":"https:\/\/mandum.com\/ca\/"},{"@type":"ListItem","position":2,"name":"Lookbook SS25\u200b"}]},{"@type":"WebSite","@id":"https:\/\/mandum.com\/ca\/#website","url":"https:\/\/mandum.com\/ca\/","name":"MANDUM","description":"Slow Fashion","publisher":{"@id":"https:\/\/mandum.com\/ca\/#organization"},"potentialAction":[{"@type":"SearchAction","target":{"@type":"EntryPoint","urlTemplate":"https:\/\/mandum.com\/ca\/?s={search_term_string}"},"query-input":{"@type":"PropertyValueSpecification","valueRequired":true,"valueName":"search_term_string"}}],"inLanguage":"ca"},{"@type":"Organization","@id":"https:\/\/mandum.com\/ca\/#organization","name":"MANDUM","url":"https:\/\/mandum.com\/ca\/","logo":{"@type":"ImageObject","inLanguage":"ca","@id":"https:\/\/mandum.com\/ca\/#\/schema\/logo\/image\/","url":"https:\/\/mandum.com\/wp-content\/uploads\/2025\/11\/logo-mandum-scaled-1.png","contentUrl":"https:\/\/mandum.com\/wp-content\/uploads\/2025\/11\/logo-mandum-scaled-1.png","width":2560,"height":884,"caption":"MANDUM"},"image":{"@id":"https:\/\/mandum.com\/ca\/#\/schema\/logo\/image\/"}}]}},"_links":{"self":[{"href":"https:\/\/mandum.com\/ca\/wp-json\/wp\/v2\/pages\/90941","targetHints":{"allow":["GET"]}}],"collection":[{"href":"https:\/\/mandum.com\/ca\/wp-json\/wp\/v2\/pages"}],"about":[{"href":"https:\/\/mandum.com\/ca\/wp-json\/wp\/v2\/types\/page"}],"author":[{"embeddable":true,"href":"https:\/\/mandum.com\/ca\/wp-json\/wp\/v2\/users\/73"}],"replies":[{"embeddable":true,"href":"https:\/\/mandum.com\/ca\/wp-json\/wp\/v2\/comments?post=90941"}],"version-history":[{"count":14,"href":"https:\/\/mandum.com\/ca\/wp-json\/wp\/v2\/pages\/90941\/revisions"}],"predecessor-version":[{"id":96860,"href":"https:\/\/mandum.com\/ca\/wp-json\/wp\/v2\/pages\/90941\/revisions\/96860"}],"wp:attachment":[{"href":"https:\/\/mandum.com\/ca\/wp-json\/wp\/v2\/media?parent=90941"}],"curies":[{"name":"wp","href":"https:\/\/api.w.org\/{rel}","templated":true}]}}