{"id":90952,"date":"2025-10-16T09:18:44","date_gmt":"2025-10-16T07:18:44","guid":{"rendered":"https:\/\/mandum.disstintbeta.com\/material-i-cura-2\/"},"modified":"2025-12-02T11:28:50","modified_gmt":"2025-12-02T10:28:50","slug":"material-i-cura","status":"publish","type":"page","link":"https:\/\/mandum.com\/ca\/material-i-cura\/","title":{"rendered":"Material i cura"},"content":{"rendered":"\t\t<div data-elementor-type=\"wp-page\" data-elementor-id=\"90952\" class=\"elementor elementor-90952 elementor-87457\" data-elementor-post-type=\"page\">\n\t\t\t\t<div class=\"elementor-element elementor-element-ebf5115 e-con-full e-flex e-con e-parent\" data-id=\"ebf5115\" data-element_type=\"container\" data-e-type=\"container\">\n\t\t<div class=\"elementor-element elementor-element-b3047e8 e-con-full e-flex e-con e-child\" data-id=\"b3047e8\" data-element_type=\"container\" data-e-type=\"container\">\n\t\t\t\t<div class=\"elementor-element elementor-element-b1d49fd elementor-widget elementor-widget-image\" data-id=\"b1d49fd\" data-element_type=\"widget\" data-e-type=\"widget\" data-widget_type=\"image.default\">\n\t\t\t\t\t\t\t\t\t\t\t\t\t\t\t<img fetchpriority=\"high\" decoding=\"async\" width=\"833\" height=\"1124\" src=\"https:\/\/mandum.com\/wp-content\/uploads\/2025\/10\/collares-cobre-zinc.webp\" class=\"attachment-full size-full wp-image-90951\" alt=\"Collarets amb pedres xapats en or.\" srcset=\"https:\/\/mandum.com\/wp-content\/uploads\/2025\/10\/collares-cobre-zinc.webp 833w, https:\/\/mandum.com\/wp-content\/uploads\/2025\/10\/collares-cobre-zinc-700x945.webp 700w, https:\/\/mandum.com\/wp-content\/uploads\/2025\/10\/collares-cobre-zinc-445x600.webp 445w, https:\/\/mandum.com\/wp-content\/uploads\/2025\/10\/collares-cobre-zinc-741x1000.webp 741w, https:\/\/mandum.com\/wp-content\/uploads\/2025\/10\/collares-cobre-zinc-768x1036.webp 768w, https:\/\/mandum.com\/wp-content\/uploads\/2025\/10\/collares-cobre-zinc-800x1079.webp 800w\" sizes=\"(max-width: 833px) 100vw, 833px\" \/>\t\t\t\t\t\t\t\t\t\t\t\t\t\t\t<\/div>\n\t\t\t\t<\/div>\n\t\t<div class=\"elementor-element elementor-element-cb15479 e-con-full e-flex e-con e-child\" data-id=\"cb15479\" data-element_type=\"container\" data-e-type=\"container\">\n\t\t<div class=\"elementor-element elementor-element-193af2c e-con-full e-flex e-con e-child\" data-id=\"193af2c\" data-element_type=\"container\" data-e-type=\"container\">\n\t\t\t\t<div class=\"elementor-element elementor-element-4ef3233 elementor-widget elementor-widget-heading\" data-id=\"4ef3233\" data-element_type=\"widget\" data-e-type=\"widget\" data-widget_type=\"heading.default\">\n\t\t\t\t\t<h2 class=\"elementor-heading-title elementor-size-default\">MATERIAL<\/h2>\t\t\t\t<\/div>\n\t\t\t\t<div class=\"elementor-element elementor-element-1524748 elementor-widget-mobile__width-initial elementor-widget elementor-widget-text-editor\" data-id=\"1524748\" data-element_type=\"widget\" data-e-type=\"widget\" data-widget_type=\"text-editor.default\">\n\t\t\t\t\t\t\t\t\t<p>La nostra bijuteria est\u00e0 composta per dues col\u00b7leccions, totes dues sobre la base d&#8217;un aliatge de coure i zinc exempta de n\u00edquel. Una d\u2019elles \u00e9s xapada en or amb pedres semi precioses. L&#8217;altra amb una fina capa &#8220;flaix&#8221; de 0.25 micres d&#8217;or i amb comptes de vidre.<\/p><p>Tots els nostres productes xapats en or s&#8217;han submergit en un bany de 0.5 a 2 micres d&#8217;or de 18 quirats i posteriorment han sotm\u00e8s a un lacatge electrol\u00edtic e-coating. Aix\u00f2 significa que la major part de la nostra col\u00b7lecci\u00f3 \u00e9s hipoal\u00b7lerg\u00f2gena. Si cuides els nostres productes, el xapat en or dura molt de temps. El perfum, el mar, el clor i el sab\u00f3 afavoriran la decoloraci\u00f3.<\/p>\t\t\t\t\t\t\t\t<\/div>\n\t\t\t\t<\/div>\n\t\t<div class=\"elementor-element elementor-element-7ecb230 e-con-full e-flex e-con e-child\" data-id=\"7ecb230\" data-element_type=\"container\" data-e-type=\"container\">\n\t\t\t\t<div class=\"elementor-element elementor-element-7fa42ef elementor-widget elementor-widget-heading\" data-id=\"7fa42ef\" data-element_type=\"widget\" data-e-type=\"widget\" data-widget_type=\"heading.default\">\n\t\t\t\t\t<h2 class=\"elementor-heading-title elementor-size-default\">CURA<\/h2>\t\t\t\t<\/div>\n\t\t\t\t<div class=\"elementor-element elementor-element-2e30b65 elementor-widget-mobile__width-initial elementor-widget elementor-widget-text-editor\" data-id=\"2e30b65\" data-element_type=\"widget\" data-e-type=\"widget\" data-widget_type=\"text-editor.default\">\n\t\t\t\t\t\t\t\t\t<p>La cura de la bijuteria \u00e9s fonamental per garantir un millor estat i manteniment.<\/p>\n<p>La calor, la llum i la humitat afecten diferents tipus de pedres semiprecioses i metalls, aix\u00ed que tracta&nbsp;<span style=\"font-weight: 400;\">de mantener tu <\/span><span style=\"font-weight: 400;\">bisuter\u00eda<\/span> alejada del exceso de vapor y humedad. Esto incluye cuando est\u00e9s haciendo ejercicio, nadando o en el ba\u00f1o mientras te duchas. En su lugar, busca un espacio para almacenarla que tenga una buena temperatura y est\u00e9 alejado de la luz solar. Te recomendamos guardarla dentro de una bolsa de pl\u00e1stico sin ox\u00edgeno para preservar el brillo y de forma individual para evitar que se raye.<\/p>\n<p>La millor manera de netejar i restaurar la lluentor de les teves peces \u00e9s fregar suaument la superf\u00edcie amb un drap suau per a joies. No utilitzis un drap per a polir, ja que aix\u00f2 danyar\u00e0 el revestiment. Tingues en compte que la pell \u00e0cida provoca el desenllustrament de la bijuteria, per la qual cosa, depenent del pH de la teva pell, recomanem una neteja regular per a evitar que les peces s&#8217;aombrin r\u00e0pidament.  <\/p>\t\t\t\t\t\t\t\t<\/div>\n\t\t\t\t<\/div>\n\t\t\t\t<\/div>\n\t\t\t\t<\/div>\n\t\t\t\t<\/div>\n\t\t","protected":false},"excerpt":{"rendered":"<p>MATERIAL La nostra bijuteria est\u00e0 composta per dues col\u00b7leccions, totes dues sobre la base d&#8217;un aliatge de coure i zinc exempta de n\u00edquel. Una d\u2019elles \u00e9s xapada en or amb pedres semi precioses. L&#8217;altra amb una fina capa &#8220;flaix&#8221; de 0.25 micres d&#8217;or i amb comptes de vidre. Tots els nostres productes xapats en or [&hellip;]<\/p>\n","protected":false},"author":73,"featured_media":0,"parent":0,"menu_order":0,"comment_status":"closed","ping_status":"closed","template":"","meta":{"_acf_changed":false,"footnotes":""},"class_list":["post-90952","page","type-page","status-publish","hentry"],"acf":[],"yoast_head":"<!-- This site is optimized with the Yoast SEO plugin v26.6 - https:\/\/yoast.com\/wordpress\/plugins\/seo\/ -->\n<title>MandumMateriales y cuidado | Mandum | Conserva tus piezas<\/title>\n<meta name=\"description\" content=\"Descobreix els materials que utilitzem en les nostres creacions i com cuidar la teva roba i bijuteria Mandum perqu\u00e8 durin m\u00e9s temps.\" \/>\n<meta name=\"robots\" content=\"index, follow, max-snippet:-1, max-image-preview:large, max-video-preview:-1\" \/>\n<link rel=\"canonical\" href=\"https:\/\/mandum.com\/ca\/material-i-cura\/\" \/>\n<meta property=\"og:locale\" content=\"ca_ES\" \/>\n<meta property=\"og:type\" content=\"article\" \/>\n<meta property=\"og:title\" content=\"MandumMateriales y cuidado | Mandum | Conserva tus piezas\" \/>\n<meta property=\"og:description\" content=\"Descobreix els materials que utilitzem en les nostres creacions i com cuidar la teva roba i bijuteria Mandum perqu\u00e8 durin m\u00e9s temps.\" \/>\n<meta property=\"og:url\" content=\"https:\/\/mandum.com\/ca\/material-i-cura\/\" \/>\n<meta property=\"og:site_name\" content=\"MANDUM\" \/>\n<meta property=\"article:modified_time\" content=\"2025-12-02T10:28:50+00:00\" \/>\n<meta property=\"og:image\" content=\"https:\/\/mandum.disstintbeta.com\/wp-content\/uploads\/2025\/10\/collares-cobre-zinc.webp\" \/>\n<meta name=\"twitter:card\" content=\"summary_large_image\" \/>\n<meta name=\"twitter:label1\" content=\"Temps estimat de lectura\" \/>\n\t<meta name=\"twitter:data1\" content=\"2 minuts\" \/>\n<script type=\"application\/ld+json\" class=\"yoast-schema-graph\">{\"@context\":\"https:\/\/schema.org\",\"@graph\":[{\"@type\":\"WebPage\",\"@id\":\"https:\/\/mandum.com\/ca\/material-i-cura\/\",\"url\":\"https:\/\/mandum.com\/ca\/material-i-cura\/\",\"name\":\"MandumMateriales y cuidado | Mandum | Conserva tus piezas\",\"isPartOf\":{\"@id\":\"https:\/\/mandum.com\/ca\/#website\"},\"primaryImageOfPage\":{\"@id\":\"https:\/\/mandum.com\/ca\/material-i-cura\/#primaryimage\"},\"image\":{\"@id\":\"https:\/\/mandum.com\/ca\/material-i-cura\/#primaryimage\"},\"thumbnailUrl\":\"https:\/\/mandum.disstintbeta.com\/wp-content\/uploads\/2025\/10\/collares-cobre-zinc.webp\",\"datePublished\":\"2025-10-16T07:18:44+00:00\",\"dateModified\":\"2025-12-02T10:28:50+00:00\",\"description\":\"Descobreix els materials que utilitzem en les nostres creacions i com cuidar la teva roba i bijuteria Mandum perqu\u00e8 durin m\u00e9s temps.\",\"breadcrumb\":{\"@id\":\"https:\/\/mandum.com\/ca\/material-i-cura\/#breadcrumb\"},\"inLanguage\":\"ca\",\"potentialAction\":[{\"@type\":\"ReadAction\",\"target\":[\"https:\/\/mandum.com\/ca\/material-i-cura\/\"]}]},{\"@type\":\"ImageObject\",\"inLanguage\":\"ca\",\"@id\":\"https:\/\/mandum.com\/ca\/material-i-cura\/#primaryimage\",\"url\":\"https:\/\/mandum.disstintbeta.com\/wp-content\/uploads\/2025\/10\/collares-cobre-zinc.webp\",\"contentUrl\":\"https:\/\/mandum.disstintbeta.com\/wp-content\/uploads\/2025\/10\/collares-cobre-zinc.webp\"},{\"@type\":\"BreadcrumbList\",\"@id\":\"https:\/\/mandum.com\/ca\/material-i-cura\/#breadcrumb\",\"itemListElement\":[{\"@type\":\"ListItem\",\"position\":1,\"name\":\"Portada\",\"item\":\"https:\/\/mandum.com\/ca\/\"},{\"@type\":\"ListItem\",\"position\":2,\"name\":\"Material i cura\"}]},{\"@type\":\"WebSite\",\"@id\":\"https:\/\/mandum.com\/ca\/#website\",\"url\":\"https:\/\/mandum.com\/ca\/\",\"name\":\"MANDUM\",\"description\":\"Slow Fashion\",\"publisher\":{\"@id\":\"https:\/\/mandum.com\/ca\/#organization\"},\"potentialAction\":[{\"@type\":\"SearchAction\",\"target\":{\"@type\":\"EntryPoint\",\"urlTemplate\":\"https:\/\/mandum.com\/ca\/?s={search_term_string}\"},\"query-input\":{\"@type\":\"PropertyValueSpecification\",\"valueRequired\":true,\"valueName\":\"search_term_string\"}}],\"inLanguage\":\"ca\"},{\"@type\":\"Organization\",\"@id\":\"https:\/\/mandum.com\/ca\/#organization\",\"name\":\"MANDUM\",\"url\":\"https:\/\/mandum.com\/ca\/\",\"logo\":{\"@type\":\"ImageObject\",\"inLanguage\":\"ca\",\"@id\":\"https:\/\/mandum.com\/ca\/#\/schema\/logo\/image\/\",\"url\":\"https:\/\/mandum.com\/wp-content\/uploads\/2025\/11\/logo-mandum-scaled-1.png\",\"contentUrl\":\"https:\/\/mandum.com\/wp-content\/uploads\/2025\/11\/logo-mandum-scaled-1.png\",\"width\":2560,\"height\":884,\"caption\":\"MANDUM\"},\"image\":{\"@id\":\"https:\/\/mandum.com\/ca\/#\/schema\/logo\/image\/\"}}]}<\/script>\n<!-- \/ Yoast SEO plugin. -->","yoast_head_json":{"title":"MandumMateriales y cuidado | Mandum | Conserva tus piezas","description":"Descobreix els materials que utilitzem en les nostres creacions i com cuidar la teva roba i bijuteria Mandum perqu\u00e8 durin m\u00e9s temps.","robots":{"index":"index","follow":"follow","max-snippet":"max-snippet:-1","max-image-preview":"max-image-preview:large","max-video-preview":"max-video-preview:-1"},"canonical":"https:\/\/mandum.com\/ca\/material-i-cura\/","og_locale":"ca_ES","og_type":"article","og_title":"MandumMateriales y cuidado | Mandum | Conserva tus piezas","og_description":"Descobreix els materials que utilitzem en les nostres creacions i com cuidar la teva roba i bijuteria Mandum perqu\u00e8 durin m\u00e9s temps.","og_url":"https:\/\/mandum.com\/ca\/material-i-cura\/","og_site_name":"MANDUM","article_modified_time":"2025-12-02T10:28:50+00:00","og_image":[{"url":"https:\/\/mandum.disstintbeta.com\/wp-content\/uploads\/2025\/10\/collares-cobre-zinc.webp","type":"","width":"","height":""}],"twitter_card":"summary_large_image","twitter_misc":{"Temps estimat de lectura":"2 minuts"},"schema":{"@context":"https:\/\/schema.org","@graph":[{"@type":"WebPage","@id":"https:\/\/mandum.com\/ca\/material-i-cura\/","url":"https:\/\/mandum.com\/ca\/material-i-cura\/","name":"MandumMateriales y cuidado | Mandum | Conserva tus piezas","isPartOf":{"@id":"https:\/\/mandum.com\/ca\/#website"},"primaryImageOfPage":{"@id":"https:\/\/mandum.com\/ca\/material-i-cura\/#primaryimage"},"image":{"@id":"https:\/\/mandum.com\/ca\/material-i-cura\/#primaryimage"},"thumbnailUrl":"https:\/\/mandum.disstintbeta.com\/wp-content\/uploads\/2025\/10\/collares-cobre-zinc.webp","datePublished":"2025-10-16T07:18:44+00:00","dateModified":"2025-12-02T10:28:50+00:00","description":"Descobreix els materials que utilitzem en les nostres creacions i com cuidar la teva roba i bijuteria Mandum perqu\u00e8 durin m\u00e9s temps.","breadcrumb":{"@id":"https:\/\/mandum.com\/ca\/material-i-cura\/#breadcrumb"},"inLanguage":"ca","potentialAction":[{"@type":"ReadAction","target":["https:\/\/mandum.com\/ca\/material-i-cura\/"]}]},{"@type":"ImageObject","inLanguage":"ca","@id":"https:\/\/mandum.com\/ca\/material-i-cura\/#primaryimage","url":"https:\/\/mandum.disstintbeta.com\/wp-content\/uploads\/2025\/10\/collares-cobre-zinc.webp","contentUrl":"https:\/\/mandum.disstintbeta.com\/wp-content\/uploads\/2025\/10\/collares-cobre-zinc.webp"},{"@type":"BreadcrumbList","@id":"https:\/\/mandum.com\/ca\/material-i-cura\/#breadcrumb","itemListElement":[{"@type":"ListItem","position":1,"name":"Portada","item":"https:\/\/mandum.com\/ca\/"},{"@type":"ListItem","position":2,"name":"Material i cura"}]},{"@type":"WebSite","@id":"https:\/\/mandum.com\/ca\/#website","url":"https:\/\/mandum.com\/ca\/","name":"MANDUM","description":"Slow Fashion","publisher":{"@id":"https:\/\/mandum.com\/ca\/#organization"},"potentialAction":[{"@type":"SearchAction","target":{"@type":"EntryPoint","urlTemplate":"https:\/\/mandum.com\/ca\/?s={search_term_string}"},"query-input":{"@type":"PropertyValueSpecification","valueRequired":true,"valueName":"search_term_string"}}],"inLanguage":"ca"},{"@type":"Organization","@id":"https:\/\/mandum.com\/ca\/#organization","name":"MANDUM","url":"https:\/\/mandum.com\/ca\/","logo":{"@type":"ImageObject","inLanguage":"ca","@id":"https:\/\/mandum.com\/ca\/#\/schema\/logo\/image\/","url":"https:\/\/mandum.com\/wp-content\/uploads\/2025\/11\/logo-mandum-scaled-1.png","contentUrl":"https:\/\/mandum.com\/wp-content\/uploads\/2025\/11\/logo-mandum-scaled-1.png","width":2560,"height":884,"caption":"MANDUM"},"image":{"@id":"https:\/\/mandum.com\/ca\/#\/schema\/logo\/image\/"}}]}},"_links":{"self":[{"href":"https:\/\/mandum.com\/ca\/wp-json\/wp\/v2\/pages\/90952","targetHints":{"allow":["GET"]}}],"collection":[{"href":"https:\/\/mandum.com\/ca\/wp-json\/wp\/v2\/pages"}],"about":[{"href":"https:\/\/mandum.com\/ca\/wp-json\/wp\/v2\/types\/page"}],"author":[{"embeddable":true,"href":"https:\/\/mandum.com\/ca\/wp-json\/wp\/v2\/users\/73"}],"replies":[{"embeddable":true,"href":"https:\/\/mandum.com\/ca\/wp-json\/wp\/v2\/comments?post=90952"}],"version-history":[{"count":7,"href":"https:\/\/mandum.com\/ca\/wp-json\/wp\/v2\/pages\/90952\/revisions"}],"predecessor-version":[{"id":94725,"href":"https:\/\/mandum.com\/ca\/wp-json\/wp\/v2\/pages\/90952\/revisions\/94725"}],"wp:attachment":[{"href":"https:\/\/mandum.com\/ca\/wp-json\/wp\/v2\/media?parent=90952"}],"curies":[{"name":"wp","href":"https:\/\/api.w.org\/{rel}","templated":true}]}}