{"id":90963,"date":"2025-10-13T13:42:38","date_gmt":"2025-10-13T11:42:38","guid":{"rendered":"https:\/\/mandum.disstintbeta.com\/nosaltres-2\/"},"modified":"2025-12-02T11:16:06","modified_gmt":"2025-12-02T10:16:06","slug":"nosaltres","status":"publish","type":"page","link":"https:\/\/mandum.com\/ca\/nosaltres\/","title":{"rendered":"Nosaltres"},"content":{"rendered":"\t\t<div data-elementor-type=\"wp-page\" data-elementor-id=\"90963\" class=\"elementor elementor-90963 elementor-87403\" data-elementor-post-type=\"page\">\n\t\t\t\t<div class=\"elementor-element elementor-element-c8a380d e-con-full e-flex e-con e-parent\" data-id=\"c8a380d\" data-element_type=\"container\" data-e-type=\"container\">\n\t\t<div class=\"elementor-element elementor-element-51f46b2 e-con-full e-flex e-con e-child\" data-id=\"51f46b2\" data-element_type=\"container\" data-e-type=\"container\">\n\t\t\t\t<div class=\"elementor-element elementor-element-762f49d elementor-widget elementor-widget-image\" data-id=\"762f49d\" data-element_type=\"widget\" data-e-type=\"widget\" data-widget_type=\"image.default\">\n\t\t\t\t\t\t\t\t\t\t\t\t\t\t\t<img fetchpriority=\"high\" decoding=\"async\" width=\"833\" height=\"1124\" src=\"https:\/\/mandum.com\/wp-content\/uploads\/2025\/10\/cielo.webp\" class=\"attachment-full size-full wp-image-90961\" alt=\"\" srcset=\"https:\/\/mandum.com\/wp-content\/uploads\/2025\/10\/cielo.webp 833w, https:\/\/mandum.com\/wp-content\/uploads\/2025\/10\/cielo-700x945.webp 700w, https:\/\/mandum.com\/wp-content\/uploads\/2025\/10\/cielo-445x600.webp 445w, https:\/\/mandum.com\/wp-content\/uploads\/2025\/10\/cielo-741x1000.webp 741w, https:\/\/mandum.com\/wp-content\/uploads\/2025\/10\/cielo-768x1036.webp 768w, https:\/\/mandum.com\/wp-content\/uploads\/2025\/10\/cielo-800x1079.webp 800w\" sizes=\"(max-width: 833px) 100vw, 833px\" \/>\t\t\t\t\t\t\t\t\t\t\t\t\t\t\t<\/div>\n\t\t\t\t<div class=\"elementor-element elementor-element-f45ce08 elementor-widget-mobile__width-inherit elementor-absolute elementor-hidden-desktop elementor-hidden-tablet e-transform elementor-widget elementor-widget-heading\" data-id=\"f45ce08\" data-element_type=\"widget\" data-e-type=\"widget\" data-settings=\"{&quot;_position&quot;:&quot;absolute&quot;,&quot;_transform_translateY_effect_mobile&quot;:{&quot;unit&quot;:&quot;px&quot;,&quot;size&quot;:16,&quot;sizes&quot;:[]},&quot;_transform_translateX_effect&quot;:{&quot;unit&quot;:&quot;px&quot;,&quot;size&quot;:&quot;&quot;,&quot;sizes&quot;:[]},&quot;_transform_translateX_effect_tablet&quot;:{&quot;unit&quot;:&quot;px&quot;,&quot;size&quot;:&quot;&quot;,&quot;sizes&quot;:[]},&quot;_transform_translateX_effect_mobile&quot;:{&quot;unit&quot;:&quot;px&quot;,&quot;size&quot;:&quot;&quot;,&quot;sizes&quot;:[]},&quot;_transform_translateY_effect&quot;:{&quot;unit&quot;:&quot;px&quot;,&quot;size&quot;:&quot;&quot;,&quot;sizes&quot;:[]},&quot;_transform_translateY_effect_tablet&quot;:{&quot;unit&quot;:&quot;px&quot;,&quot;size&quot;:&quot;&quot;,&quot;sizes&quot;:[]}}\" data-widget_type=\"heading.default\">\n\t\t\t\t\t<h2 class=\"elementor-heading-title elementor-size-default\">MANDUM<\/h2>\t\t\t\t<\/div>\n\t\t\t\t<\/div>\n\t\t<div class=\"elementor-element elementor-element-3309c42 e-con-full e-flex e-con e-child\" data-id=\"3309c42\" data-element_type=\"container\" data-e-type=\"container\">\n\t\t<div class=\"elementor-element elementor-element-d5db801 e-con-full e-flex e-con e-child\" data-id=\"d5db801\" data-element_type=\"container\" data-e-type=\"container\">\n\t\t\t\t<div class=\"elementor-element elementor-element-7002166 elementor-hidden-mobile elementor-widget elementor-widget-heading\" data-id=\"7002166\" data-element_type=\"widget\" data-e-type=\"widget\" data-widget_type=\"heading.default\">\n\t\t\t\t\t<h2 class=\"elementor-heading-title elementor-size-default\">MANDUM<\/h2>\t\t\t\t<\/div>\n\t\t\t\t<div class=\"elementor-element elementor-element-a36697a elementor-widget-mobile__width-initial elementor-widget elementor-widget-text-editor\" data-id=\"a36697a\" data-element_type=\"widget\" data-e-type=\"widget\" data-widget_type=\"text-editor.default\">\n\t\t\t\t\t\t\t\t\t<p>Neix d\u2019incansables anys de rec\u00f3rrer el m\u00f3n, d\u2019inquietuds insaciables i de la fascinaci\u00f3 pel descobriment. De l\u2019inter\u00e8s per la natura, l\u2019art, l\u2019arquitectura antiga i la riquesa t\u00e8xtil i ornamental de cada rac\u00f3 del planeta.<\/p><p>Incomptables han estat els viatges i els passejos per tota mena de mercats i tallers pel plaer de buscar, observar i dur a terme productes que ens meravellessin. Des de l\u2019altipl\u00e0 tibet\u00e0, a les planes de M\u00e8xic passant per les denses jungles de Birm\u00e0nia i l\u2019arxip\u00e8lag filip\u00ed, cada producte ha estat gestat en el cam\u00ed i \u00e9s el resultat d\u2019aquest c\u00famul d\u2019experi\u00e8ncies. Paisatges, formes i textures que reprodu\u00efm a trav\u00e9s de la nostra mirada personal.<\/p><p>Mandu, un rec\u00f2ndit poble perdut en el cor de l\u2019\u00cdndia. Envoltat d\u2019espessa vegetaci\u00f3 i esquitxat per m\u00faltiples monuments d\u2019un passat glori\u00f3s viu tranquil i ali\u00e8 al turisme. All\u00e0 va cobrar forma la idea de convertir en productes totes les experi\u00e8ncies, descobriments i idees acumulats durant anys de carretera. Amb el temps el producte va aterrar a Mallorca on acabava un viatge i comen\u00e7ava un altre: Mandum.<\/p>\t\t\t\t\t\t\t\t<\/div>\n\t\t\t\t<\/div>\n\t\t\t\t<\/div>\n\t\t\t\t<\/div>\n\t\t<div class=\"elementor-element elementor-element-4739eec e-con-full e-flex e-con e-parent\" data-id=\"4739eec\" data-element_type=\"container\" data-e-type=\"container\">\n\t\t<div class=\"elementor-element elementor-element-0e8f639 e-con-full e-flex e-con e-child\" data-id=\"0e8f639\" data-element_type=\"container\" data-e-type=\"container\">\n\t\t\t\t<div class=\"elementor-element elementor-element-c450511 elementor-widget elementor-widget-image\" data-id=\"c450511\" data-element_type=\"widget\" data-e-type=\"widget\" data-widget_type=\"image.default\">\n\t\t\t\t\t\t\t\t\t\t\t\t\t\t\t<img decoding=\"async\" width=\"833\" height=\"1124\" src=\"https:\/\/mandum.com\/wp-content\/uploads\/2025\/10\/mujer-anillos-playa.webp\" class=\"attachment-full size-full wp-image-90962\" alt=\"Dona amb anells i arracades fets a m\u00e0.\" srcset=\"https:\/\/mandum.com\/wp-content\/uploads\/2025\/10\/mujer-anillos-playa.webp 833w, https:\/\/mandum.com\/wp-content\/uploads\/2025\/10\/mujer-anillos-playa-700x945.webp 700w, https:\/\/mandum.com\/wp-content\/uploads\/2025\/10\/mujer-anillos-playa-445x600.webp 445w, https:\/\/mandum.com\/wp-content\/uploads\/2025\/10\/mujer-anillos-playa-741x1000.webp 741w, https:\/\/mandum.com\/wp-content\/uploads\/2025\/10\/mujer-anillos-playa-768x1036.webp 768w, https:\/\/mandum.com\/wp-content\/uploads\/2025\/10\/mujer-anillos-playa-800x1079.webp 800w\" sizes=\"(max-width: 833px) 100vw, 833px\" \/>\t\t\t\t\t\t\t\t\t\t\t\t\t\t\t<\/div>\n\t\t\t\t<\/div>\n\t\t<div class=\"elementor-element elementor-element-fa9d766 e-con-full e-flex e-con e-child\" data-id=\"fa9d766\" data-element_type=\"container\" data-e-type=\"container\">\n\t\t<div class=\"elementor-element elementor-element-b10c071 e-con-full e-flex e-con e-child\" data-id=\"b10c071\" data-element_type=\"container\" data-e-type=\"container\">\n\t\t\t\t<div class=\"elementor-element elementor-element-4b42ac0 elementor-widget elementor-widget-heading\" data-id=\"4b42ac0\" data-element_type=\"widget\" data-e-type=\"widget\" data-widget_type=\"heading.default\">\n\t\t\t\t\t<h2 class=\"elementor-heading-title elementor-size-default\">Producte i producci\u00f3<\/h2>\t\t\t\t<\/div>\n\t\t\t\t<div class=\"elementor-element elementor-element-8f018ee elementor-widget elementor-widget-text-editor\" data-id=\"8f018ee\" data-element_type=\"widget\" data-e-type=\"widget\" data-widget_type=\"text-editor.default\">\n\t\t\t\t\t\t\t\t\t<p>El nostre inventari de productes va des de la creaci\u00f3 de formes noves a la selecci\u00f3 d\u2019objectes elaborats per genis artesans. La filosofia minimalista inspirada en formes senzilles i lleugeres \u00e9s la nostra constant, aix\u00ed com l\u2019\u00fas de materials d\u2019alta qualitat per a garantir un \u00fas prolongat del nostre g\u00e8nere. La paleta de colors i tonalitats que utilitzem s\u2019inspiren en el paisatge mediterrani.<\/p><p>Totes les nostres peces estan fetes a m\u00e0, fabricades, tallades i cosides majorit\u00e0riament a l\u2019\u00cdndia. Treballem amb grups d\u2019artesans i artesanes que han apr\u00e8s l\u2019art de l\u2019estampaci\u00f3, la costura, el brodat o la joieria per tradici\u00f3 familiar. S\u00f3n petites empreses familiars o cooperatives amb les quals produ\u00efm a una escala redu\u00efda i segons la demanda, per a evitar l\u2019excedent i aix\u00ed contribuir a una creaci\u00f3 m\u00e9s sostenible.<\/p>\t\t\t\t\t\t\t\t<\/div>\n\t\t\t\t<div class=\"elementor-element elementor-element-0ad80b0 elementor-align-center elementor-widget elementor-widget-button\" data-id=\"0ad80b0\" data-element_type=\"widget\" data-e-type=\"widget\" data-widget_type=\"button.default\">\n\t\t\t\t\t\t\t\t\t\t<a class=\"elementor-button elementor-button-link elementor-size-sm\" href=\"https:\/\/mandum.com\/ca\/tenda\/\">\n\t\t\t\t\t\t<span class=\"elementor-button-content-wrapper\">\n\t\t\t\t\t\t\t\t\t<span class=\"elementor-button-text\">Veure productes<\/span>\n\t\t\t\t\t<\/span>\n\t\t\t\t\t<\/a>\n\t\t\t\t\t\t\t\t<\/div>\n\t\t\t\t<\/div>\n\t\t\t\t<\/div>\n\t\t\t\t<\/div>\n\t\t\t\t<\/div>\n\t\t","protected":false},"excerpt":{"rendered":"<p>MANDUM MANDUM Neix d\u2019incansables anys de rec\u00f3rrer el m\u00f3n, d\u2019inquietuds insaciables i de la fascinaci\u00f3 pel descobriment. De l\u2019inter\u00e8s per la natura, l\u2019art, l\u2019arquitectura antiga i la riquesa t\u00e8xtil i ornamental de cada rac\u00f3 del planeta. Incomptables han estat els viatges i els passejos per tota mena de mercats i tallers pel plaer de buscar, [&hellip;]<\/p>\n","protected":false},"author":73,"featured_media":0,"parent":0,"menu_order":0,"comment_status":"closed","ping_status":"closed","template":"","meta":{"_acf_changed":false,"footnotes":""},"class_list":["post-90963","page","type-page","status-publish","hentry"],"acf":[],"yoast_head":"<!-- This site is optimized with the Yoast SEO plugin v26.6 - https:\/\/yoast.com\/wordpress\/plugins\/seo\/ -->\n<title>Sobre nosaltres | Mandum | Viatges, art i artesania en cada pe\u00e7a<\/title>\n<meta name=\"description\" content=\"Mandum neix de la passi\u00f3 per con\u00e8ixer el m\u00f3n, l&#039;art, l&#039;artesania i la naturalesa. Descobreix la nostra hist\u00f2ria i filosofia.\" \/>\n<meta name=\"robots\" content=\"index, follow, max-snippet:-1, max-image-preview:large, max-video-preview:-1\" \/>\n<link rel=\"canonical\" href=\"https:\/\/mandum.com\/ca\/nosaltres\/\" \/>\n<meta property=\"og:locale\" content=\"ca_ES\" \/>\n<meta property=\"og:type\" content=\"article\" \/>\n<meta property=\"og:title\" content=\"Sobre nosaltres | Mandum | Viatges, art i artesania en cada pe\u00e7a\" \/>\n<meta property=\"og:description\" content=\"Mandum neix de la passi\u00f3 per con\u00e8ixer el m\u00f3n, l&#039;art, l&#039;artesania i la naturalesa. Descobreix la nostra hist\u00f2ria i filosofia.\" \/>\n<meta property=\"og:url\" content=\"https:\/\/mandum.com\/ca\/nosaltres\/\" \/>\n<meta property=\"og:site_name\" content=\"MANDUM\" \/>\n<meta property=\"article:modified_time\" content=\"2025-12-02T10:16:06+00:00\" \/>\n<meta property=\"og:image\" content=\"https:\/\/mandum.disstintbeta.com\/wp-content\/uploads\/2025\/10\/cielo.webp\" \/>\n<meta name=\"twitter:card\" content=\"summary_large_image\" \/>\n<meta name=\"twitter:label1\" content=\"Temps estimat de lectura\" \/>\n\t<meta name=\"twitter:data1\" content=\"2 minuts\" \/>\n<script type=\"application\/ld+json\" class=\"yoast-schema-graph\">{\"@context\":\"https:\/\/schema.org\",\"@graph\":[{\"@type\":\"WebPage\",\"@id\":\"https:\/\/mandum.com\/ca\/nosaltres\/\",\"url\":\"https:\/\/mandum.com\/ca\/nosaltres\/\",\"name\":\"Sobre nosaltres | Mandum | Viatges, art i artesania en cada pe\u00e7a\",\"isPartOf\":{\"@id\":\"https:\/\/mandum.com\/ca\/#website\"},\"primaryImageOfPage\":{\"@id\":\"https:\/\/mandum.com\/ca\/nosaltres\/#primaryimage\"},\"image\":{\"@id\":\"https:\/\/mandum.com\/ca\/nosaltres\/#primaryimage\"},\"thumbnailUrl\":\"https:\/\/mandum.disstintbeta.com\/wp-content\/uploads\/2025\/10\/cielo.webp\",\"datePublished\":\"2025-10-13T11:42:38+00:00\",\"dateModified\":\"2025-12-02T10:16:06+00:00\",\"description\":\"Mandum neix de la passi\u00f3 per con\u00e8ixer el m\u00f3n, l'art, l'artesania i la naturalesa. Descobreix la nostra hist\u00f2ria i filosofia.\",\"breadcrumb\":{\"@id\":\"https:\/\/mandum.com\/ca\/nosaltres\/#breadcrumb\"},\"inLanguage\":\"ca\",\"potentialAction\":[{\"@type\":\"ReadAction\",\"target\":[\"https:\/\/mandum.com\/ca\/nosaltres\/\"]}]},{\"@type\":\"ImageObject\",\"inLanguage\":\"ca\",\"@id\":\"https:\/\/mandum.com\/ca\/nosaltres\/#primaryimage\",\"url\":\"https:\/\/mandum.disstintbeta.com\/wp-content\/uploads\/2025\/10\/cielo.webp\",\"contentUrl\":\"https:\/\/mandum.disstintbeta.com\/wp-content\/uploads\/2025\/10\/cielo.webp\"},{\"@type\":\"BreadcrumbList\",\"@id\":\"https:\/\/mandum.com\/ca\/nosaltres\/#breadcrumb\",\"itemListElement\":[{\"@type\":\"ListItem\",\"position\":1,\"name\":\"Portada\",\"item\":\"https:\/\/mandum.com\/ca\/\"},{\"@type\":\"ListItem\",\"position\":2,\"name\":\"Nosaltres\"}]},{\"@type\":\"WebSite\",\"@id\":\"https:\/\/mandum.com\/ca\/#website\",\"url\":\"https:\/\/mandum.com\/ca\/\",\"name\":\"MANDUM\",\"description\":\"Slow Fashion\",\"publisher\":{\"@id\":\"https:\/\/mandum.com\/ca\/#organization\"},\"potentialAction\":[{\"@type\":\"SearchAction\",\"target\":{\"@type\":\"EntryPoint\",\"urlTemplate\":\"https:\/\/mandum.com\/ca\/?s={search_term_string}\"},\"query-input\":{\"@type\":\"PropertyValueSpecification\",\"valueRequired\":true,\"valueName\":\"search_term_string\"}}],\"inLanguage\":\"ca\"},{\"@type\":\"Organization\",\"@id\":\"https:\/\/mandum.com\/ca\/#organization\",\"name\":\"MANDUM\",\"url\":\"https:\/\/mandum.com\/ca\/\",\"logo\":{\"@type\":\"ImageObject\",\"inLanguage\":\"ca\",\"@id\":\"https:\/\/mandum.com\/ca\/#\/schema\/logo\/image\/\",\"url\":\"https:\/\/mandum.com\/wp-content\/uploads\/2025\/11\/logo-mandum-scaled-1.png\",\"contentUrl\":\"https:\/\/mandum.com\/wp-content\/uploads\/2025\/11\/logo-mandum-scaled-1.png\",\"width\":2560,\"height\":884,\"caption\":\"MANDUM\"},\"image\":{\"@id\":\"https:\/\/mandum.com\/ca\/#\/schema\/logo\/image\/\"}}]}<\/script>\n<!-- \/ Yoast SEO plugin. -->","yoast_head_json":{"title":"Sobre nosaltres | Mandum | Viatges, art i artesania en cada pe\u00e7a","description":"Mandum neix de la passi\u00f3 per con\u00e8ixer el m\u00f3n, l'art, l'artesania i la naturalesa. Descobreix la nostra hist\u00f2ria i filosofia.","robots":{"index":"index","follow":"follow","max-snippet":"max-snippet:-1","max-image-preview":"max-image-preview:large","max-video-preview":"max-video-preview:-1"},"canonical":"https:\/\/mandum.com\/ca\/nosaltres\/","og_locale":"ca_ES","og_type":"article","og_title":"Sobre nosaltres | Mandum | Viatges, art i artesania en cada pe\u00e7a","og_description":"Mandum neix de la passi\u00f3 per con\u00e8ixer el m\u00f3n, l'art, l'artesania i la naturalesa. Descobreix la nostra hist\u00f2ria i filosofia.","og_url":"https:\/\/mandum.com\/ca\/nosaltres\/","og_site_name":"MANDUM","article_modified_time":"2025-12-02T10:16:06+00:00","og_image":[{"url":"https:\/\/mandum.disstintbeta.com\/wp-content\/uploads\/2025\/10\/cielo.webp","type":"","width":"","height":""}],"twitter_card":"summary_large_image","twitter_misc":{"Temps estimat de lectura":"2 minuts"},"schema":{"@context":"https:\/\/schema.org","@graph":[{"@type":"WebPage","@id":"https:\/\/mandum.com\/ca\/nosaltres\/","url":"https:\/\/mandum.com\/ca\/nosaltres\/","name":"Sobre nosaltres | Mandum | Viatges, art i artesania en cada pe\u00e7a","isPartOf":{"@id":"https:\/\/mandum.com\/ca\/#website"},"primaryImageOfPage":{"@id":"https:\/\/mandum.com\/ca\/nosaltres\/#primaryimage"},"image":{"@id":"https:\/\/mandum.com\/ca\/nosaltres\/#primaryimage"},"thumbnailUrl":"https:\/\/mandum.disstintbeta.com\/wp-content\/uploads\/2025\/10\/cielo.webp","datePublished":"2025-10-13T11:42:38+00:00","dateModified":"2025-12-02T10:16:06+00:00","description":"Mandum neix de la passi\u00f3 per con\u00e8ixer el m\u00f3n, l'art, l'artesania i la naturalesa. Descobreix la nostra hist\u00f2ria i filosofia.","breadcrumb":{"@id":"https:\/\/mandum.com\/ca\/nosaltres\/#breadcrumb"},"inLanguage":"ca","potentialAction":[{"@type":"ReadAction","target":["https:\/\/mandum.com\/ca\/nosaltres\/"]}]},{"@type":"ImageObject","inLanguage":"ca","@id":"https:\/\/mandum.com\/ca\/nosaltres\/#primaryimage","url":"https:\/\/mandum.disstintbeta.com\/wp-content\/uploads\/2025\/10\/cielo.webp","contentUrl":"https:\/\/mandum.disstintbeta.com\/wp-content\/uploads\/2025\/10\/cielo.webp"},{"@type":"BreadcrumbList","@id":"https:\/\/mandum.com\/ca\/nosaltres\/#breadcrumb","itemListElement":[{"@type":"ListItem","position":1,"name":"Portada","item":"https:\/\/mandum.com\/ca\/"},{"@type":"ListItem","position":2,"name":"Nosaltres"}]},{"@type":"WebSite","@id":"https:\/\/mandum.com\/ca\/#website","url":"https:\/\/mandum.com\/ca\/","name":"MANDUM","description":"Slow Fashion","publisher":{"@id":"https:\/\/mandum.com\/ca\/#organization"},"potentialAction":[{"@type":"SearchAction","target":{"@type":"EntryPoint","urlTemplate":"https:\/\/mandum.com\/ca\/?s={search_term_string}"},"query-input":{"@type":"PropertyValueSpecification","valueRequired":true,"valueName":"search_term_string"}}],"inLanguage":"ca"},{"@type":"Organization","@id":"https:\/\/mandum.com\/ca\/#organization","name":"MANDUM","url":"https:\/\/mandum.com\/ca\/","logo":{"@type":"ImageObject","inLanguage":"ca","@id":"https:\/\/mandum.com\/ca\/#\/schema\/logo\/image\/","url":"https:\/\/mandum.com\/wp-content\/uploads\/2025\/11\/logo-mandum-scaled-1.png","contentUrl":"https:\/\/mandum.com\/wp-content\/uploads\/2025\/11\/logo-mandum-scaled-1.png","width":2560,"height":884,"caption":"MANDUM"},"image":{"@id":"https:\/\/mandum.com\/ca\/#\/schema\/logo\/image\/"}}]}},"_links":{"self":[{"href":"https:\/\/mandum.com\/ca\/wp-json\/wp\/v2\/pages\/90963","targetHints":{"allow":["GET"]}}],"collection":[{"href":"https:\/\/mandum.com\/ca\/wp-json\/wp\/v2\/pages"}],"about":[{"href":"https:\/\/mandum.com\/ca\/wp-json\/wp\/v2\/types\/page"}],"author":[{"embeddable":true,"href":"https:\/\/mandum.com\/ca\/wp-json\/wp\/v2\/users\/73"}],"replies":[{"embeddable":true,"href":"https:\/\/mandum.com\/ca\/wp-json\/wp\/v2\/comments?post=90963"}],"version-history":[{"count":5,"href":"https:\/\/mandum.com\/ca\/wp-json\/wp\/v2\/pages\/90963\/revisions"}],"predecessor-version":[{"id":93520,"href":"https:\/\/mandum.com\/ca\/wp-json\/wp\/v2\/pages\/90963\/revisions\/93520"}],"wp:attachment":[{"href":"https:\/\/mandum.com\/ca\/wp-json\/wp\/v2\/media?parent=90963"}],"curies":[{"name":"wp","href":"https:\/\/api.w.org\/{rel}","templated":true}]}}