{"id":90970,"date":"2025-10-16T11:59:33","date_gmt":"2025-10-16T09:59:33","guid":{"rendered":"https:\/\/mandum.disstintbeta.com\/packaging-2\/"},"modified":"2025-12-02T11:31:50","modified_gmt":"2025-12-02T10:31:50","slug":"packaging-ca","status":"publish","type":"page","link":"https:\/\/mandum.com\/ca\/packaging-ca\/","title":{"rendered":"Packaging"},"content":{"rendered":"\t\t<div data-elementor-type=\"wp-page\" data-elementor-id=\"90970\" class=\"elementor elementor-90970 elementor-87477\" data-elementor-post-type=\"page\">\n\t\t\t\t<div class=\"elementor-element elementor-element-815d0c1 e-con-full e-flex e-con e-parent\" data-id=\"815d0c1\" data-element_type=\"container\" data-e-type=\"container\">\n\t\t<div class=\"elementor-element elementor-element-028f40f e-con-full e-flex e-con e-child\" data-id=\"028f40f\" data-element_type=\"container\" data-e-type=\"container\">\n\t\t\t\t<div class=\"elementor-element elementor-element-e906b6d elementor-widget elementor-widget-image\" data-id=\"e906b6d\" data-element_type=\"widget\" data-e-type=\"widget\" data-widget_type=\"image.default\">\n\t\t\t\t\t\t\t\t\t\t\t\t\t\t\t<img fetchpriority=\"high\" decoding=\"async\" width=\"833\" height=\"1124\" src=\"https:\/\/mandum.com\/wp-content\/uploads\/2025\/10\/piezas-bolsita-algodon.webp\" class=\"attachment-full size-full wp-image-90969\" alt=\"Anell i arracades en bossetes de cot\u00f3 org\u00e0nic.\" srcset=\"https:\/\/mandum.com\/wp-content\/uploads\/2025\/10\/piezas-bolsita-algodon.webp 833w, https:\/\/mandum.com\/wp-content\/uploads\/2025\/10\/piezas-bolsita-algodon-700x945.webp 700w, https:\/\/mandum.com\/wp-content\/uploads\/2025\/10\/piezas-bolsita-algodon-445x600.webp 445w, https:\/\/mandum.com\/wp-content\/uploads\/2025\/10\/piezas-bolsita-algodon-741x1000.webp 741w, https:\/\/mandum.com\/wp-content\/uploads\/2025\/10\/piezas-bolsita-algodon-768x1036.webp 768w, https:\/\/mandum.com\/wp-content\/uploads\/2025\/10\/piezas-bolsita-algodon-800x1079.webp 800w\" sizes=\"(max-width: 833px) 100vw, 833px\" \/>\t\t\t\t\t\t\t\t\t\t\t\t\t\t\t<\/div>\n\t\t\t\t<\/div>\n\t\t<div class=\"elementor-element elementor-element-a91f248 e-con-full e-flex e-con e-child\" data-id=\"a91f248\" data-element_type=\"container\" data-e-type=\"container\">\n\t\t<div class=\"elementor-element elementor-element-b76917e e-con-full e-flex e-con e-child\" data-id=\"b76917e\" data-element_type=\"container\" data-e-type=\"container\">\n\t\t\t\t<div class=\"elementor-element elementor-element-f6691e1 elementor-widget elementor-widget-heading\" data-id=\"f6691e1\" data-element_type=\"widget\" data-e-type=\"widget\" data-widget_type=\"heading.default\">\n\t\t\t\t\t<h1 class=\"elementor-heading-title elementor-size-default\">PACKAGING<\/h1>\t\t\t\t<\/div>\n\t\t\t\t<div class=\"elementor-element elementor-element-bc503b1 elementor-widget-mobile__width-initial elementor-widget elementor-widget-text-editor\" data-id=\"bc503b1\" data-element_type=\"widget\" data-e-type=\"widget\" data-widget_type=\"text-editor.default\">\n\t\t\t\t\t\t\t\t\t<p>Les nostres peces es presenten en bossetes de cot\u00f3 org\u00e0nic dins d&#8217;una caixa de cart\u00f3 perqu\u00e8 t&#8217;arribin protegides. En el cas que siguin diferents regals pots indicar-ho en les notes de comanda perqu\u00e8 ho preparem en diferents bossetes. Si vols un embolcall m\u00e9s especial, en finalitzar la comanda tindr\u00e0s l&#8217;opci\u00f3 d&#8217;afegir una capseta de cart\u00f3 per a les teves arrecades, anells, collars o polseres per 1.50\u20ac la unitat.<\/p><p>Tot el cart\u00f3 que utilitzem \u00e9s de la marca FSC\u00ae que garanteix que tots els materials procedeixen d&#8217;un bosc FSC\u00ae, on no es tala m\u00e9s fusta de la que el bosc pot reproduir.<\/p>\t\t\t\t\t\t\t\t<\/div>\n\t\t\t\t<\/div>\n\t\t\t\t<\/div>\n\t\t\t\t<\/div>\n\t\t\t\t<\/div>\n\t\t","protected":false},"excerpt":{"rendered":"<p>PACKAGING Les nostres peces es presenten en bossetes de cot\u00f3 org\u00e0nic dins d&#8217;una caixa de cart\u00f3 perqu\u00e8 t&#8217;arribin protegides. En el cas que siguin diferents regals pots indicar-ho en les notes de comanda perqu\u00e8 ho preparem en diferents bossetes. Si vols un embolcall m\u00e9s especial, en finalitzar la comanda tindr\u00e0s l&#8217;opci\u00f3 d&#8217;afegir una capseta de [&hellip;]<\/p>\n","protected":false},"author":73,"featured_media":0,"parent":0,"menu_order":0,"comment_status":"closed","ping_status":"closed","template":"","meta":{"_acf_changed":false,"footnotes":""},"class_list":["post-90970","page","type-page","status-publish","hentry"],"acf":[],"yoast_head":"<!-- This site is optimized with the Yoast SEO plugin v26.6 - https:\/\/yoast.com\/wordpress\/plugins\/seo\/ -->\n<title>Embalatge sostenible | Mandum | Cuidem cada detall<\/title>\n<meta name=\"description\" content=\"Els nostres productes es lliuren amb un embalatge respectu\u00f3s amb el medi ambient. Coneix com cuidem fins a l&#039;\u00faltim detall.\" \/>\n<meta name=\"robots\" content=\"index, follow, max-snippet:-1, max-image-preview:large, max-video-preview:-1\" \/>\n<link rel=\"canonical\" href=\"https:\/\/mandum.com\/ca\/packaging-ca\/\" \/>\n<meta property=\"og:locale\" content=\"ca_ES\" \/>\n<meta property=\"og:type\" content=\"article\" \/>\n<meta property=\"og:title\" content=\"Embalatge sostenible | Mandum | Cuidem cada detall\" \/>\n<meta property=\"og:description\" content=\"Els nostres productes es lliuren amb un embalatge respectu\u00f3s amb el medi ambient. Coneix com cuidem fins a l&#039;\u00faltim detall.\" \/>\n<meta property=\"og:url\" content=\"https:\/\/mandum.com\/ca\/packaging-ca\/\" \/>\n<meta property=\"og:site_name\" content=\"MANDUM\" \/>\n<meta property=\"article:modified_time\" content=\"2025-12-02T10:31:50+00:00\" \/>\n<meta property=\"og:image\" content=\"https:\/\/mandum.disstintbeta.com\/wp-content\/uploads\/2025\/10\/piezas-bolsita-algodon.webp\" \/>\n<meta name=\"twitter:card\" content=\"summary_large_image\" \/>\n<meta name=\"twitter:label1\" content=\"Temps estimat de lectura\" \/>\n\t<meta name=\"twitter:data1\" content=\"1 minut\" \/>\n<script type=\"application\/ld+json\" class=\"yoast-schema-graph\">{\"@context\":\"https:\/\/schema.org\",\"@graph\":[{\"@type\":\"WebPage\",\"@id\":\"https:\/\/mandum.com\/ca\/packaging-ca\/\",\"url\":\"https:\/\/mandum.com\/ca\/packaging-ca\/\",\"name\":\"Embalatge sostenible | Mandum | Cuidem cada detall\",\"isPartOf\":{\"@id\":\"https:\/\/mandum.com\/ca\/#website\"},\"primaryImageOfPage\":{\"@id\":\"https:\/\/mandum.com\/ca\/packaging-ca\/#primaryimage\"},\"image\":{\"@id\":\"https:\/\/mandum.com\/ca\/packaging-ca\/#primaryimage\"},\"thumbnailUrl\":\"https:\/\/mandum.disstintbeta.com\/wp-content\/uploads\/2025\/10\/piezas-bolsita-algodon.webp\",\"datePublished\":\"2025-10-16T09:59:33+00:00\",\"dateModified\":\"2025-12-02T10:31:50+00:00\",\"description\":\"Els nostres productes es lliuren amb un embalatge respectu\u00f3s amb el medi ambient. Coneix com cuidem fins a l'\u00faltim detall.\",\"breadcrumb\":{\"@id\":\"https:\/\/mandum.com\/ca\/packaging-ca\/#breadcrumb\"},\"inLanguage\":\"ca\",\"potentialAction\":[{\"@type\":\"ReadAction\",\"target\":[\"https:\/\/mandum.com\/ca\/packaging-ca\/\"]}]},{\"@type\":\"ImageObject\",\"inLanguage\":\"ca\",\"@id\":\"https:\/\/mandum.com\/ca\/packaging-ca\/#primaryimage\",\"url\":\"https:\/\/mandum.disstintbeta.com\/wp-content\/uploads\/2025\/10\/piezas-bolsita-algodon.webp\",\"contentUrl\":\"https:\/\/mandum.disstintbeta.com\/wp-content\/uploads\/2025\/10\/piezas-bolsita-algodon.webp\"},{\"@type\":\"BreadcrumbList\",\"@id\":\"https:\/\/mandum.com\/ca\/packaging-ca\/#breadcrumb\",\"itemListElement\":[{\"@type\":\"ListItem\",\"position\":1,\"name\":\"Portada\",\"item\":\"https:\/\/mandum.com\/ca\/\"},{\"@type\":\"ListItem\",\"position\":2,\"name\":\"Packaging\"}]},{\"@type\":\"WebSite\",\"@id\":\"https:\/\/mandum.com\/ca\/#website\",\"url\":\"https:\/\/mandum.com\/ca\/\",\"name\":\"MANDUM\",\"description\":\"Slow Fashion\",\"publisher\":{\"@id\":\"https:\/\/mandum.com\/ca\/#organization\"},\"potentialAction\":[{\"@type\":\"SearchAction\",\"target\":{\"@type\":\"EntryPoint\",\"urlTemplate\":\"https:\/\/mandum.com\/ca\/?s={search_term_string}\"},\"query-input\":{\"@type\":\"PropertyValueSpecification\",\"valueRequired\":true,\"valueName\":\"search_term_string\"}}],\"inLanguage\":\"ca\"},{\"@type\":\"Organization\",\"@id\":\"https:\/\/mandum.com\/ca\/#organization\",\"name\":\"MANDUM\",\"url\":\"https:\/\/mandum.com\/ca\/\",\"logo\":{\"@type\":\"ImageObject\",\"inLanguage\":\"ca\",\"@id\":\"https:\/\/mandum.com\/ca\/#\/schema\/logo\/image\/\",\"url\":\"https:\/\/mandum.com\/wp-content\/uploads\/2025\/11\/logo-mandum-scaled-1.png\",\"contentUrl\":\"https:\/\/mandum.com\/wp-content\/uploads\/2025\/11\/logo-mandum-scaled-1.png\",\"width\":2560,\"height\":884,\"caption\":\"MANDUM\"},\"image\":{\"@id\":\"https:\/\/mandum.com\/ca\/#\/schema\/logo\/image\/\"}}]}<\/script>\n<!-- \/ Yoast SEO plugin. -->","yoast_head_json":{"title":"Embalatge sostenible | Mandum | Cuidem cada detall","description":"Els nostres productes es lliuren amb un embalatge respectu\u00f3s amb el medi ambient. Coneix com cuidem fins a l'\u00faltim detall.","robots":{"index":"index","follow":"follow","max-snippet":"max-snippet:-1","max-image-preview":"max-image-preview:large","max-video-preview":"max-video-preview:-1"},"canonical":"https:\/\/mandum.com\/ca\/packaging-ca\/","og_locale":"ca_ES","og_type":"article","og_title":"Embalatge sostenible | Mandum | Cuidem cada detall","og_description":"Els nostres productes es lliuren amb un embalatge respectu\u00f3s amb el medi ambient. Coneix com cuidem fins a l'\u00faltim detall.","og_url":"https:\/\/mandum.com\/ca\/packaging-ca\/","og_site_name":"MANDUM","article_modified_time":"2025-12-02T10:31:50+00:00","og_image":[{"url":"https:\/\/mandum.disstintbeta.com\/wp-content\/uploads\/2025\/10\/piezas-bolsita-algodon.webp","type":"","width":"","height":""}],"twitter_card":"summary_large_image","twitter_misc":{"Temps estimat de lectura":"1 minut"},"schema":{"@context":"https:\/\/schema.org","@graph":[{"@type":"WebPage","@id":"https:\/\/mandum.com\/ca\/packaging-ca\/","url":"https:\/\/mandum.com\/ca\/packaging-ca\/","name":"Embalatge sostenible | Mandum | Cuidem cada detall","isPartOf":{"@id":"https:\/\/mandum.com\/ca\/#website"},"primaryImageOfPage":{"@id":"https:\/\/mandum.com\/ca\/packaging-ca\/#primaryimage"},"image":{"@id":"https:\/\/mandum.com\/ca\/packaging-ca\/#primaryimage"},"thumbnailUrl":"https:\/\/mandum.disstintbeta.com\/wp-content\/uploads\/2025\/10\/piezas-bolsita-algodon.webp","datePublished":"2025-10-16T09:59:33+00:00","dateModified":"2025-12-02T10:31:50+00:00","description":"Els nostres productes es lliuren amb un embalatge respectu\u00f3s amb el medi ambient. Coneix com cuidem fins a l'\u00faltim detall.","breadcrumb":{"@id":"https:\/\/mandum.com\/ca\/packaging-ca\/#breadcrumb"},"inLanguage":"ca","potentialAction":[{"@type":"ReadAction","target":["https:\/\/mandum.com\/ca\/packaging-ca\/"]}]},{"@type":"ImageObject","inLanguage":"ca","@id":"https:\/\/mandum.com\/ca\/packaging-ca\/#primaryimage","url":"https:\/\/mandum.disstintbeta.com\/wp-content\/uploads\/2025\/10\/piezas-bolsita-algodon.webp","contentUrl":"https:\/\/mandum.disstintbeta.com\/wp-content\/uploads\/2025\/10\/piezas-bolsita-algodon.webp"},{"@type":"BreadcrumbList","@id":"https:\/\/mandum.com\/ca\/packaging-ca\/#breadcrumb","itemListElement":[{"@type":"ListItem","position":1,"name":"Portada","item":"https:\/\/mandum.com\/ca\/"},{"@type":"ListItem","position":2,"name":"Packaging"}]},{"@type":"WebSite","@id":"https:\/\/mandum.com\/ca\/#website","url":"https:\/\/mandum.com\/ca\/","name":"MANDUM","description":"Slow Fashion","publisher":{"@id":"https:\/\/mandum.com\/ca\/#organization"},"potentialAction":[{"@type":"SearchAction","target":{"@type":"EntryPoint","urlTemplate":"https:\/\/mandum.com\/ca\/?s={search_term_string}"},"query-input":{"@type":"PropertyValueSpecification","valueRequired":true,"valueName":"search_term_string"}}],"inLanguage":"ca"},{"@type":"Organization","@id":"https:\/\/mandum.com\/ca\/#organization","name":"MANDUM","url":"https:\/\/mandum.com\/ca\/","logo":{"@type":"ImageObject","inLanguage":"ca","@id":"https:\/\/mandum.com\/ca\/#\/schema\/logo\/image\/","url":"https:\/\/mandum.com\/wp-content\/uploads\/2025\/11\/logo-mandum-scaled-1.png","contentUrl":"https:\/\/mandum.com\/wp-content\/uploads\/2025\/11\/logo-mandum-scaled-1.png","width":2560,"height":884,"caption":"MANDUM"},"image":{"@id":"https:\/\/mandum.com\/ca\/#\/schema\/logo\/image\/"}}]}},"_links":{"self":[{"href":"https:\/\/mandum.com\/ca\/wp-json\/wp\/v2\/pages\/90970","targetHints":{"allow":["GET"]}}],"collection":[{"href":"https:\/\/mandum.com\/ca\/wp-json\/wp\/v2\/pages"}],"about":[{"href":"https:\/\/mandum.com\/ca\/wp-json\/wp\/v2\/types\/page"}],"author":[{"embeddable":true,"href":"https:\/\/mandum.com\/ca\/wp-json\/wp\/v2\/users\/73"}],"replies":[{"embeddable":true,"href":"https:\/\/mandum.com\/ca\/wp-json\/wp\/v2\/comments?post=90970"}],"version-history":[{"count":3,"href":"https:\/\/mandum.com\/ca\/wp-json\/wp\/v2\/pages\/90970\/revisions"}],"predecessor-version":[{"id":93625,"href":"https:\/\/mandum.com\/ca\/wp-json\/wp\/v2\/pages\/90970\/revisions\/93625"}],"wp:attachment":[{"href":"https:\/\/mandum.com\/ca\/wp-json\/wp\/v2\/media?parent=90970"}],"curies":[{"name":"wp","href":"https:\/\/api.w.org\/{rel}","templated":true}]}}