{"id":90995,"date":"2025-11-12T13:19:57","date_gmt":"2025-11-12T12:19:57","guid":{"rendered":"https:\/\/mandum.disstintbeta.com\/enviaments-i-devolucions-2\/"},"modified":"2025-12-02T09:35:12","modified_gmt":"2025-12-02T08:35:12","slug":"enviaments-i-devolucions","status":"publish","type":"page","link":"https:\/\/mandum.com\/ca\/enviaments-i-devolucions\/","title":{"rendered":"Enviaments i devolucions"},"content":{"rendered":"\t\t<div data-elementor-type=\"wp-page\" data-elementor-id=\"90995\" class=\"elementor elementor-90995 elementor-88785\" data-elementor-post-type=\"page\">\n\t\t\t\t<div class=\"elementor-element elementor-element-541b14c e-con-full e-flex e-con e-parent\" data-id=\"541b14c\" data-element_type=\"container\" data-e-type=\"container\">\n\t\t<div class=\"elementor-element elementor-element-518c694 e-con-full e-flex e-con e-child\" data-id=\"518c694\" data-element_type=\"container\" data-e-type=\"container\">\n\t\t\t\t<div class=\"elementor-element elementor-element-0bce4c1 elementor-widget elementor-widget-image\" data-id=\"0bce4c1\" data-element_type=\"widget\" data-e-type=\"widget\" data-widget_type=\"image.default\">\n\t\t\t\t\t\t\t\t\t\t\t\t\t\t\t<img fetchpriority=\"high\" decoding=\"async\" width=\"588\" height=\"969\" src=\"https:\/\/mandum.com\/wp-content\/uploads\/2025\/10\/lookbook-mandum-paisaje-natural-mediterraneo.webp\" class=\"attachment-full size-full wp-image-90918\" alt=\"Paisatge natural amb herbes al vent sota el cel blau del Mediterrani, inspiraci\u00f3 del lookbook Mandum 2024 i el seu estil bohemi sostenible\" srcset=\"https:\/\/mandum.com\/wp-content\/uploads\/2025\/10\/lookbook-mandum-paisaje-natural-mediterraneo.webp 588w, https:\/\/mandum.com\/wp-content\/uploads\/2025\/10\/lookbook-mandum-paisaje-natural-mediterraneo-364x600.webp 364w\" sizes=\"(max-width: 588px) 100vw, 588px\" \/>\t\t\t\t\t\t\t\t\t\t\t\t\t\t\t<\/div>\n\t\t\t\t<\/div>\n\t\t<div class=\"elementor-element elementor-element-8b84b5a e-con-full e-flex e-con e-child\" data-id=\"8b84b5a\" data-element_type=\"container\" data-e-type=\"container\">\n\t\t<div class=\"elementor-element elementor-element-5b2c0fb e-con-full e-flex e-con e-child\" data-id=\"5b2c0fb\" data-element_type=\"container\" data-e-type=\"container\">\n\t\t\t\t<div class=\"elementor-element elementor-element-13ce0d8 elementor-widget elementor-widget-heading\" data-id=\"13ce0d8\" data-element_type=\"widget\" data-e-type=\"widget\" data-widget_type=\"heading.default\">\n\t\t\t\t\t<h2 class=\"elementor-heading-title elementor-size-default\">ENVIAMENT<\/h2>\t\t\t\t<\/div>\n\t\t\t\t<div class=\"elementor-element elementor-element-e1c09f5 elementor-widget-mobile__width-initial elementor-widget elementor-widget-text-editor\" data-id=\"e1c09f5\" data-element_type=\"widget\" data-e-type=\"widget\" data-widget_type=\"text-editor.default\">\n\t\t\t\t\t\t\t\t\t<p>Tots els nostres preus estan marcats en Euros amb impostos inclosos. Tingues en compte que les despeses d&#8217;enviament i els drets de duana no estan inclosos en el preu que es mostra en el lloc web.<\/p><p>COSTOS D&#8217;ENVIAMENT:<br>Gratis per a comandes superiors a 60 \u20ac (Espanya)<\/p><p>Espanya:<br>Els paquets s&#8217;enviaran en servei 48h Correu-vos Express per un cost de 5\u20ac (Excepte Can\u00e0ries).<\/p><p>Europa 7.55-19 \u20ac segos pes.<br>Tot el mon: 20-70 \u20ac segons pes<\/p><p>La teva comanda s&#8217;enviar\u00e0 en un termini de 2 a 5 dies h\u00e0bils despr\u00e9s que es completi el pagament. Una vegada que s&#8217;envi\u00ef la teva comanda, rebr\u00e0s una notificaci\u00f3 per correu electr\u00f2nic amb el n\u00famero de seguiment del teu paquet.<\/p><p>Et preguem que verifiquis l&#8217;adre\u00e7a d&#8217;enviament, ja que no ens fem responsables dels articles enviats a una adre\u00e7a incorrecta.<\/p><p>Els temps d&#8217;enviament varien segons el pa\u00eds de destinaci\u00f3 i poden variar a causa dels dies festius locals.<\/p><p>CLIENTS INTERNACIONALS I TARIFES PERSONALITZADES:<br>\u00c9s possible que s&#8217;apliquin tarifes personalitzades per a alguns pa\u00efsos internacionals i, at\u00e8s que no podem proporcionar-te una informaci\u00f3 precisa sobre aquestes tarifes, et recomanem encaridament que obtinguis aquesta informaci\u00f3 abans de realitzar la teva comanda.<br>Et recordem que les tarifes de duana s\u00f3n responsabilitat de la compradora\/or.<\/p>\t\t\t\t\t\t\t\t<\/div>\n\t\t\t\t<\/div>\n\t\t<div class=\"elementor-element elementor-element-e00aa42 e-con-full e-flex e-con e-child\" data-id=\"e00aa42\" data-element_type=\"container\" data-e-type=\"container\">\n\t\t\t\t<div class=\"elementor-element elementor-element-aeeee65 elementor-widget elementor-widget-heading\" data-id=\"aeeee65\" data-element_type=\"widget\" data-e-type=\"widget\" data-widget_type=\"heading.default\">\n\t\t\t\t\t<h2 class=\"elementor-heading-title elementor-size-default\">DEVOLUCIONS<\/h2>\t\t\t\t<\/div>\n\t\t\t\t<div class=\"elementor-element elementor-element-99c2334 elementor-widget-mobile__width-initial elementor-widget elementor-widget-text-editor\" data-id=\"99c2334\" data-element_type=\"widget\" data-e-type=\"widget\" data-widget_type=\"text-editor.default\">\n\t\t\t\t\t\t\t\t\t<p>Les arracades, polseres, anells i collars gastats, lamentablement, no poden retornar-se per motius d&#8217;higiene. Un article que no compleix amb els requisits es pot canviar pel mateix valor o per un cup\u00f3 dins dels 14 dies posteriors a la recepci\u00f3 del paquet. Si desitja un reemborsament, el paquet ens ha de ser retornat dins dels primers 14 dies. Una vegada rebut i comprovat el correcte estat del producte procedirem a la devoluci\u00f3 de l&#8217;import que trigar\u00e0 entre 3-7 dies a reemborsar-se. Els costos d&#8217;enviament en aquest cas van a c\u00e0rrec de la clienta o client.<\/p>\n<p>Pa\u00efsos fora de la UE: El client\/a ser\u00e0 totalment responsable de comprovar que tots els drets i impostos aplicables es cobraran a ells directament. Retornar productes des de fora de la UE significa que es cobraran aranzels, recomanem aclarir el cost amb l&#8217;empresa de missatgeria en el moment de retornar el paquet per a tenir una visi\u00f3 completa dels costos implicats. Si no s&#8217;han liquidat els aranzels\/imposats i se sol\u00b7licita a Mandum el pagament d&#8217;impostos addicionals a l&#8217;arribada de la teva mercaderia retornada, el deduirem de l&#8217;import a reemborsar.<\/p>\n<p>Mandum no es fa responsable dels paquets que no puguin arribar al nostre magatzem.<\/p>\n<p>Si el transportista t&#8217;ha cobrat aranzels o taxes d&#8217;importaci\u00f3 en rebre el paquet, aquests costos no et seran reemborsats si retornes la teva comanda. Aquestes taxes es paguen al teu transportista local o al govern i no s\u00f3n recollits per Mandum. <\/p>\t\t\t\t\t\t\t\t<\/div>\n\t\t\t\t<\/div>\n\t\t\t\t<\/div>\n\t\t\t\t<\/div>\n\t\t\t\t<\/div>\n\t\t","protected":false},"excerpt":{"rendered":"<p>ENVIAMENT Tots els nostres preus estan marcats en Euros amb impostos inclosos. Tingues en compte que les despeses d&#8217;enviament i els drets de duana no estan inclosos en el preu que es mostra en el lloc web. COSTOS D&#8217;ENVIAMENT:Gratis per a comandes superiors a 60 \u20ac (Espanya) Espanya:Els paquets s&#8217;enviaran en servei 48h Correu-vos Express [&hellip;]<\/p>\n","protected":false},"author":73,"featured_media":0,"parent":0,"menu_order":0,"comment_status":"closed","ping_status":"closed","template":"","meta":{"_acf_changed":false,"footnotes":""},"class_list":["post-90995","page","type-page","status-publish","hentry"],"acf":[],"yoast_head":"<!-- This site is optimized with the Yoast SEO plugin v26.6 - https:\/\/yoast.com\/wordpress\/plugins\/seo\/ -->\n<title>Enviaments i devolucions| Mandum<\/title>\n<meta name=\"description\" content=\"Informaci\u00f3 sobre enviaments i devolucions de Mandum.\" \/>\n<meta name=\"robots\" content=\"index, follow, max-snippet:-1, max-image-preview:large, max-video-preview:-1\" \/>\n<link rel=\"canonical\" href=\"https:\/\/mandum.com\/ca\/enviaments-i-devolucions\/\" \/>\n<meta property=\"og:locale\" content=\"ca_ES\" \/>\n<meta property=\"og:type\" content=\"article\" \/>\n<meta property=\"og:title\" content=\"Enviaments i devolucions| Mandum\" \/>\n<meta property=\"og:description\" content=\"Informaci\u00f3 sobre enviaments i devolucions de Mandum.\" \/>\n<meta property=\"og:url\" content=\"https:\/\/mandum.com\/ca\/enviaments-i-devolucions\/\" \/>\n<meta property=\"og:site_name\" content=\"MANDUM\" \/>\n<meta property=\"article:modified_time\" content=\"2025-12-02T08:35:12+00:00\" \/>\n<meta property=\"og:image\" content=\"https:\/\/mandum.disstintbeta.com\/wp-content\/uploads\/2025\/10\/lookbook-mandum-paisaje-natural-mediterraneo.webp\" \/>\n<meta name=\"twitter:card\" content=\"summary_large_image\" \/>\n<meta name=\"twitter:label1\" content=\"Temps estimat de lectura\" \/>\n\t<meta name=\"twitter:data1\" content=\"2 minuts\" \/>\n<script type=\"application\/ld+json\" class=\"yoast-schema-graph\">{\"@context\":\"https:\/\/schema.org\",\"@graph\":[{\"@type\":\"WebPage\",\"@id\":\"https:\/\/mandum.com\/ca\/enviaments-i-devolucions\/\",\"url\":\"https:\/\/mandum.com\/ca\/enviaments-i-devolucions\/\",\"name\":\"Enviaments i devolucions| Mandum\",\"isPartOf\":{\"@id\":\"https:\/\/mandum.com\/ca\/#website\"},\"primaryImageOfPage\":{\"@id\":\"https:\/\/mandum.com\/ca\/enviaments-i-devolucions\/#primaryimage\"},\"image\":{\"@id\":\"https:\/\/mandum.com\/ca\/enviaments-i-devolucions\/#primaryimage\"},\"thumbnailUrl\":\"https:\/\/mandum.disstintbeta.com\/wp-content\/uploads\/2025\/10\/lookbook-mandum-paisaje-natural-mediterraneo.webp\",\"datePublished\":\"2025-11-12T12:19:57+00:00\",\"dateModified\":\"2025-12-02T08:35:12+00:00\",\"description\":\"Informaci\u00f3 sobre enviaments i devolucions de Mandum.\",\"breadcrumb\":{\"@id\":\"https:\/\/mandum.com\/ca\/enviaments-i-devolucions\/#breadcrumb\"},\"inLanguage\":\"ca\",\"potentialAction\":[{\"@type\":\"ReadAction\",\"target\":[\"https:\/\/mandum.com\/ca\/enviaments-i-devolucions\/\"]}]},{\"@type\":\"ImageObject\",\"inLanguage\":\"ca\",\"@id\":\"https:\/\/mandum.com\/ca\/enviaments-i-devolucions\/#primaryimage\",\"url\":\"https:\/\/mandum.disstintbeta.com\/wp-content\/uploads\/2025\/10\/lookbook-mandum-paisaje-natural-mediterraneo.webp\",\"contentUrl\":\"https:\/\/mandum.disstintbeta.com\/wp-content\/uploads\/2025\/10\/lookbook-mandum-paisaje-natural-mediterraneo.webp\"},{\"@type\":\"BreadcrumbList\",\"@id\":\"https:\/\/mandum.com\/ca\/enviaments-i-devolucions\/#breadcrumb\",\"itemListElement\":[{\"@type\":\"ListItem\",\"position\":1,\"name\":\"Portada\",\"item\":\"https:\/\/mandum.com\/ca\/\"},{\"@type\":\"ListItem\",\"position\":2,\"name\":\"Enviaments i devolucions\"}]},{\"@type\":\"WebSite\",\"@id\":\"https:\/\/mandum.com\/ca\/#website\",\"url\":\"https:\/\/mandum.com\/ca\/\",\"name\":\"MANDUM\",\"description\":\"Slow Fashion\",\"publisher\":{\"@id\":\"https:\/\/mandum.com\/ca\/#organization\"},\"potentialAction\":[{\"@type\":\"SearchAction\",\"target\":{\"@type\":\"EntryPoint\",\"urlTemplate\":\"https:\/\/mandum.com\/ca\/?s={search_term_string}\"},\"query-input\":{\"@type\":\"PropertyValueSpecification\",\"valueRequired\":true,\"valueName\":\"search_term_string\"}}],\"inLanguage\":\"ca\"},{\"@type\":\"Organization\",\"@id\":\"https:\/\/mandum.com\/ca\/#organization\",\"name\":\"MANDUM\",\"url\":\"https:\/\/mandum.com\/ca\/\",\"logo\":{\"@type\":\"ImageObject\",\"inLanguage\":\"ca\",\"@id\":\"https:\/\/mandum.com\/ca\/#\/schema\/logo\/image\/\",\"url\":\"https:\/\/mandum.com\/wp-content\/uploads\/2025\/11\/logo-mandum-scaled-1.png\",\"contentUrl\":\"https:\/\/mandum.com\/wp-content\/uploads\/2025\/11\/logo-mandum-scaled-1.png\",\"width\":2560,\"height\":884,\"caption\":\"MANDUM\"},\"image\":{\"@id\":\"https:\/\/mandum.com\/ca\/#\/schema\/logo\/image\/\"}}]}<\/script>\n<!-- \/ Yoast SEO plugin. -->","yoast_head_json":{"title":"Enviaments i devolucions| Mandum","description":"Informaci\u00f3 sobre enviaments i devolucions de Mandum.","robots":{"index":"index","follow":"follow","max-snippet":"max-snippet:-1","max-image-preview":"max-image-preview:large","max-video-preview":"max-video-preview:-1"},"canonical":"https:\/\/mandum.com\/ca\/enviaments-i-devolucions\/","og_locale":"ca_ES","og_type":"article","og_title":"Enviaments i devolucions| Mandum","og_description":"Informaci\u00f3 sobre enviaments i devolucions de Mandum.","og_url":"https:\/\/mandum.com\/ca\/enviaments-i-devolucions\/","og_site_name":"MANDUM","article_modified_time":"2025-12-02T08:35:12+00:00","og_image":[{"url":"https:\/\/mandum.disstintbeta.com\/wp-content\/uploads\/2025\/10\/lookbook-mandum-paisaje-natural-mediterraneo.webp","type":"","width":"","height":""}],"twitter_card":"summary_large_image","twitter_misc":{"Temps estimat de lectura":"2 minuts"},"schema":{"@context":"https:\/\/schema.org","@graph":[{"@type":"WebPage","@id":"https:\/\/mandum.com\/ca\/enviaments-i-devolucions\/","url":"https:\/\/mandum.com\/ca\/enviaments-i-devolucions\/","name":"Enviaments i devolucions| Mandum","isPartOf":{"@id":"https:\/\/mandum.com\/ca\/#website"},"primaryImageOfPage":{"@id":"https:\/\/mandum.com\/ca\/enviaments-i-devolucions\/#primaryimage"},"image":{"@id":"https:\/\/mandum.com\/ca\/enviaments-i-devolucions\/#primaryimage"},"thumbnailUrl":"https:\/\/mandum.disstintbeta.com\/wp-content\/uploads\/2025\/10\/lookbook-mandum-paisaje-natural-mediterraneo.webp","datePublished":"2025-11-12T12:19:57+00:00","dateModified":"2025-12-02T08:35:12+00:00","description":"Informaci\u00f3 sobre enviaments i devolucions de Mandum.","breadcrumb":{"@id":"https:\/\/mandum.com\/ca\/enviaments-i-devolucions\/#breadcrumb"},"inLanguage":"ca","potentialAction":[{"@type":"ReadAction","target":["https:\/\/mandum.com\/ca\/enviaments-i-devolucions\/"]}]},{"@type":"ImageObject","inLanguage":"ca","@id":"https:\/\/mandum.com\/ca\/enviaments-i-devolucions\/#primaryimage","url":"https:\/\/mandum.disstintbeta.com\/wp-content\/uploads\/2025\/10\/lookbook-mandum-paisaje-natural-mediterraneo.webp","contentUrl":"https:\/\/mandum.disstintbeta.com\/wp-content\/uploads\/2025\/10\/lookbook-mandum-paisaje-natural-mediterraneo.webp"},{"@type":"BreadcrumbList","@id":"https:\/\/mandum.com\/ca\/enviaments-i-devolucions\/#breadcrumb","itemListElement":[{"@type":"ListItem","position":1,"name":"Portada","item":"https:\/\/mandum.com\/ca\/"},{"@type":"ListItem","position":2,"name":"Enviaments i devolucions"}]},{"@type":"WebSite","@id":"https:\/\/mandum.com\/ca\/#website","url":"https:\/\/mandum.com\/ca\/","name":"MANDUM","description":"Slow Fashion","publisher":{"@id":"https:\/\/mandum.com\/ca\/#organization"},"potentialAction":[{"@type":"SearchAction","target":{"@type":"EntryPoint","urlTemplate":"https:\/\/mandum.com\/ca\/?s={search_term_string}"},"query-input":{"@type":"PropertyValueSpecification","valueRequired":true,"valueName":"search_term_string"}}],"inLanguage":"ca"},{"@type":"Organization","@id":"https:\/\/mandum.com\/ca\/#organization","name":"MANDUM","url":"https:\/\/mandum.com\/ca\/","logo":{"@type":"ImageObject","inLanguage":"ca","@id":"https:\/\/mandum.com\/ca\/#\/schema\/logo\/image\/","url":"https:\/\/mandum.com\/wp-content\/uploads\/2025\/11\/logo-mandum-scaled-1.png","contentUrl":"https:\/\/mandum.com\/wp-content\/uploads\/2025\/11\/logo-mandum-scaled-1.png","width":2560,"height":884,"caption":"MANDUM"},"image":{"@id":"https:\/\/mandum.com\/ca\/#\/schema\/logo\/image\/"}}]}},"_links":{"self":[{"href":"https:\/\/mandum.com\/ca\/wp-json\/wp\/v2\/pages\/90995","targetHints":{"allow":["GET"]}}],"collection":[{"href":"https:\/\/mandum.com\/ca\/wp-json\/wp\/v2\/pages"}],"about":[{"href":"https:\/\/mandum.com\/ca\/wp-json\/wp\/v2\/types\/page"}],"author":[{"embeddable":true,"href":"https:\/\/mandum.com\/ca\/wp-json\/wp\/v2\/users\/73"}],"replies":[{"embeddable":true,"href":"https:\/\/mandum.com\/ca\/wp-json\/wp\/v2\/comments?post=90995"}],"version-history":[{"count":2,"href":"https:\/\/mandum.com\/ca\/wp-json\/wp\/v2\/pages\/90995\/revisions"}],"predecessor-version":[{"id":94686,"href":"https:\/\/mandum.com\/ca\/wp-json\/wp\/v2\/pages\/90995\/revisions\/94686"}],"wp:attachment":[{"href":"https:\/\/mandum.com\/ca\/wp-json\/wp\/v2\/media?parent=90995"}],"curies":[{"name":"wp","href":"https:\/\/api.w.org\/{rel}","templated":true}]}}