{"id":93631,"date":"2025-11-13T08:59:58","date_gmt":"2025-11-13T07:59:58","guid":{"rendered":"https:\/\/mandum.disstintbeta.com\/politica-de-cookies\/"},"modified":"2026-02-04T12:26:06","modified_gmt":"2026-02-04T11:26:06","slug":"politica-de-cookies","status":"publish","type":"page","link":"https:\/\/mandum.com\/ca\/politica-de-cookies\/","title":{"rendered":"Pol\u00edtica de Cookies"},"content":{"rendered":"\t\t<div data-elementor-type=\"wp-page\" data-elementor-id=\"93631\" class=\"elementor elementor-93631 elementor-88949\" data-elementor-post-type=\"page\">\n\t\t\t\t<div class=\"elementor-element elementor-element-cfbe59d e-flex e-con-boxed e-con e-parent\" data-id=\"cfbe59d\" data-element_type=\"container\" data-e-type=\"container\">\n\t\t\t\t\t<div class=\"e-con-inner\">\n\t\t\t\t<div class=\"elementor-element elementor-element-1c6e028 elementor-widget elementor-widget-heading\" data-id=\"1c6e028\" data-element_type=\"widget\" data-e-type=\"widget\" data-widget_type=\"heading.default\">\n\t\t\t\t\t<h1 class=\"elementor-heading-title elementor-size-default\">Pol\u00edtica de cookies<\/h1>\t\t\t\t<\/div>\n\t\t\t\t<div class=\"elementor-element elementor-element-09c29ff elementor-widget elementor-widget-text-editor\" data-id=\"09c29ff\" data-element_type=\"widget\" data-e-type=\"widget\" data-widget_type=\"text-editor.default\">\n\t\t\t\t\t\t\t\t\t<span style=\"font-weight: 400;\">\u00daltima actualitzaci\u00f3: 22 de Novembre de 2025<\/span>\n<h3><b>Sumari<\/b><\/h3>\n<ul>\n \t<li><span style=\"font-weight: 400;\"> \u2022 Cookies usades: Pr\u00f2pies i de Tercers<br><\/span><span style=\"font-weight: 400;\">\n<\/span><span style=\"font-weight: 400;\"> \u2022 S&#8217;utilitzen per a obtenir estad\u00edstiques? S\u00ed, sent la base legal el nostre inter\u00e8s leg\u00edtim a realitzar una millor gesti\u00f3 del servei.<\/span><span style=\"font-weight: 400;\">\n<\/span><span style=\"font-weight: 400;\"> \u2022 Serveis de tercers que instal\u00b7len cookies a trav\u00e9s d&#8217;aquesta web: Google Analytics<\/span><\/li>\n<\/ul>\n<span style=\"font-weight: 400;\">Com configurar i deshabilitar les cookies<\/span>\n\n<span style=\"font-weight: 400;\">Pots permetre, bloquejar o eliminar les cookies instal\u00b7lades en el teu dispositiu des del teu navegador web. Si no permets la instal\u00b7laci\u00f3 de cookies en el teu dispositiu, pot ser que l&#8217;experi\u00e8ncia de navegaci\u00f3 empitjori. A continuaci\u00f3, pots trobar com configurar les cookies en cada navegador:<\/span>\n\n<a href=\"http:\/\/windows.microsoft.com\/es-es\/windows-10\/edge-privacy-faq\"><span style=\"font-weight: 400;\">Edge<\/span><span style=\"font-weight: 400;\">\n<\/span><\/a><a href=\"https:\/\/support.google.com\/chrome\/answer\/95647?hl=es\"> <span style=\"font-weight: 400;\">Google Chrome<\/span><span style=\"font-weight: 400;\">\n<\/span><\/a><a href=\"https:\/\/support.google.com\/chrome\/answer\/2392971?hl=es\"> <span style=\"font-weight: 400;\">Google Android<\/span><span style=\"font-weight: 400;\">\n<\/span><\/a><a href=\"http:\/\/windows.microsoft.com\/es-es\/windows-vista\/block-or-allow-cookies\"> <span style=\"font-weight: 400;\">Internet Explorer 7 y 8<\/span><span style=\"font-weight: 400;\">\n<\/span><\/a><a href=\"http:\/\/windows.microsoft.com\/es-es\/windows7\/how-to-manage-cookies-in-internet-explorer-9\"> <span style=\"font-weight: 400;\">Internet Explorer 9<\/span><span style=\"font-weight: 400;\">\n<\/span><\/a><a href=\"http:\/\/windows.microsoft.com\/es-es\/internet-explorer\/delete-manage-cookies#ie=ie-10\"> <span style=\"font-weight: 400;\">Internet Explorer 10<\/span><span style=\"font-weight: 400;\">\n<\/span><\/a><a href=\"http:\/\/windows.microsoft.com\/es-es\/internet-explorer\/delete-manage-cookies#ie=ie-11\"> <span style=\"font-weight: 400;\">Internet Explorer 11<\/span><span style=\"font-weight: 400;\">\n<\/span><\/a><a href=\"https:\/\/support.mozilla.org\/es\/kb\/habilitar-y-deshabilitar-cookies-que-los-sitios-we\"> <span style=\"font-weight: 400;\">Mozilla Firefox<\/span><span style=\"font-weight: 400;\">\n<\/span><\/a><a href=\"http:\/\/help.opera.com\/Linux\/10.60\/es-ES\/cookies.html\"> <span style=\"font-weight: 400;\">Opera<\/span><span style=\"font-weight: 400;\">\n<\/span><\/a><a href=\"https:\/\/support.apple.com\/kb\/PH19214?viewlocale=es_ES&amp;locale=es_ES\"> <span style=\"font-weight: 400;\">Safari<\/span><span style=\"font-weight: 400;\">\n<\/span><\/a><a href=\"https:\/\/support.apple.com\/es-es\/HT201265\"> <span style=\"font-weight: 400;\">Safari Mobile<\/span><\/a>\n<h3><b>1- Tipus i usos<\/b><\/h3>\n<span style=\"font-weight: 400;\">El servei usa cookies pr\u00f2pies i de tercers per a millorar la navegaci\u00f3, proporcionar el servei i obtenir estad\u00edstiques sobre l&#8217;\u00fas de la p\u00e0gina web.<\/span>\n<h3><b>2- Qu\u00e8 \u00e9s una cookie i per a qu\u00e8 serveix?<\/b><\/h3>\n<span style=\"font-weight: 400;\">Una cookie \u00e9s un fitxer de text que s&#8217;envia al navegador web del teu ordinador, m\u00f2bil o tauleta i que serveix per a emmagatzemar i recuperar informaci\u00f3 sobre la navegaci\u00f3 realitzada. Per exemple, recordar el teu nom d&#8217;usuari i contrasenya o les prefer\u00e8ncies del teu perfil.<\/span>\n<h3><b>3- Quins tipus de cookies hi ha?<\/b><\/h3>\n<span style=\"font-weight: 400;\">Segons qui les gestiona:<\/span>\n<ul>\n \t<li><span style=\"font-weight: 400;\"> \u2022 Cookies pr\u00f2pies; s&#8217;envien al teu navegador des dels nostres equips o dominis web.<\/span><span style=\"font-weight: 400;\">\n<\/span><span style=\"font-weight: 400;\"> \u2022 Cookies de tercers; s&#8217;envien al teu navegador des d&#8217;un equip o domini web que no gestionem nosaltres directament, sin\u00f3 una tercera entitat com per exemple Google.<\/span><span style=\"font-weight: 400;\">\n<\/span><span style=\"font-weight: 400;\"> En funci\u00f3 del temps que estan actives, hi ha:<\/span><span style=\"font-weight: 400;\">\n<\/span><span style=\"font-weight: 400;\"> \u2022 Cookies de sessi\u00f3; romanen en l&#8217;arxiu de cookies del teu navegador fins que abandones la p\u00e0gina web, de manera que cap queda en el teu dispositiu.<\/span><span style=\"font-weight: 400;\">\n<\/span><span style=\"font-weight: 400;\"> \u2022 Cookies persistents; romanen en el teu dispositiu i la nostra web les llegeix cada vegada que realitzes una nova visita. Aquestes cookies deixen de funcionar passada una data concreta.<\/span><span style=\"font-weight: 400;\">\n<\/span><span style=\"font-weight: 400;\"> Finalment, i segons la seva finalitat, tenim:<\/span><span style=\"font-weight: 400;\">\n<\/span><span style=\"font-weight: 400;\"> \u2022 Cookies t\u00e8cniques; milloren la navegaci\u00f3 i el bon funcionament de la web.<\/span><span style=\"font-weight: 400;\">\n<\/span><span style=\"font-weight: 400;\"> \u2022 Cookies de personalitzaci\u00f3; permeten accedir al servei amb unes caracter\u00edstiques predefinides en funci\u00f3 d&#8217;una s\u00e8rie de criteris.<\/span><span style=\"font-weight: 400;\">\n<\/span><span style=\"font-weight: 400;\"> \u2022 Cookies d&#8217;an\u00e0lisis; permeten mesurar i analitzar estad\u00edsticament l&#8217;\u00fas que es fa del servei prestat.<\/span><\/li>\n<\/ul>\nCookies utilitzades per Mandum:\n<table>\n<tbody>\n<tr>\n<td><b>Nombre<\/b><\/td>\n<td><b>Origen<\/b><\/td>\n<td><b>Finalidad<\/b><\/td>\n<td><b>Tipo<\/b><\/td>\n<td><b>Caducidad<\/b><\/td>\n<\/tr>\n<tr>\n<td><span style=\"font-weight: 400;\">_ga<\/span><\/td>\n<td><span style=\"font-weight: 400;\">mandum.com<\/span><\/td>\n<td><span style=\"font-weight: 400;\">Anal\u00edtica (rendimiento)<\/span><\/td>\n<td><span style=\"font-weight: 400;\">Propia<\/span><\/td>\n<td><span style=\"font-weight: 400;\">2 a\u00f1os<\/span><\/td>\n<\/tr>\n<tr>\n<td><span style=\"font-weight: 400;\">_gid<\/span><\/td>\n<td><span style=\"font-weight: 400;\">mandum.com<\/span><\/td>\n<td><span style=\"font-weight: 400;\">Anal\u00edtica (funcionalidad)<\/span><\/td>\n<td><span style=\"font-weight: 400;\">Propia<\/span><\/td>\n<td><span style=\"font-weight: 400;\">1 d\u00eda<\/span><\/td>\n<\/tr>\n<tr>\n<td><span style=\"font-weight: 400;\">_gat<\/span><\/td>\n<td><span style=\"font-weight: 400;\">mandum.com<\/span><\/td>\n<td><span style=\"font-weight: 400;\">Anal\u00edtica (rendimiento)<\/span><\/td>\n<td><span style=\"font-weight: 400;\">Propia<\/span><\/td>\n<td><span style=\"font-weight: 400;\">Sesi\u00f3n<\/span><\/td>\n<\/tr>\n<\/tbody>\n<\/table>\nLlista de cookies de tercer usades per Mandum:\n\n<span style=\"font-weight: 400;\"> <\/span>\n\n<span style=\"font-weight: 400;\"><a href=\"https:\/\/developers.google.com\/analytics\/devguides\/collection\/analyticsjs\/cookie-usage\">Google Analytics:<\/a> <\/span><span style=\"font-weight: 400;\">Les seves cookies (com per exemple _ga) permeten comptabilitzar les vegades que un usuari visita una web, com, quan i des d&#8217;on el fa.<\/span>\n\n<span style=\"font-weight: 400;\">En qualsevol cas, pots inhabilitar les cookies de Google Analytics des<\/span> <span style=\"font-weight: 400;\"><a href=\"https:\/\/tools.google.com\/dlpage\/gaoptout\">d&#8217;aqu\u00ed<\/a><\/span>.\n\n<span style=\"font-weight: 400;\"> <\/span>\n\n<span style=\"font-weight: 400;\"><a href=\"https:\/\/www.facebook.com\/policies\/cookies\/\">Facebook: <\/a><\/span><span style=\"font-weight: 400;\">Les seves cookies (com per exemple fr) faciliten compartir contingut en la plataforma o fer M&#8217;Agrada en productes.<\/span>\t\t\t\t\t\t\t\t<\/div>\n\t\t\t\t\t<\/div>\n\t\t\t\t<\/div>\n\t\t\t\t<\/div>\n\t\t","protected":false},"excerpt":{"rendered":"<p>Pol\u00edtica de cookies \u00daltima actualitzaci\u00f3: 22 de Novembre de 2025 Sumari \u2022 Cookies usades: Pr\u00f2pies i de Tercers \u2022 S&#8217;utilitzen per a obtenir estad\u00edstiques? S\u00ed, sent la base legal el nostre inter\u00e8s leg\u00edtim a realitzar una millor gesti\u00f3 del servei. \u2022 Serveis de tercers que instal\u00b7len cookies a trav\u00e9s d&#8217;aquesta web: Google Analytics Com configurar [&hellip;]<\/p>\n","protected":false},"author":73,"featured_media":0,"parent":0,"menu_order":0,"comment_status":"closed","ping_status":"closed","template":"","meta":{"_acf_changed":false,"footnotes":""},"class_list":["post-93631","page","type-page","status-publish","hentry"],"acf":[],"yoast_head":"<!-- This site is optimized with the Yoast SEO plugin v26.6 - https:\/\/yoast.com\/wordpress\/plugins\/seo\/ -->\n<title>Pol\u00edtica de Cookies - MANDUM<\/title>\n<meta name=\"robots\" content=\"noindex, nofollow\" \/>\n<meta property=\"og:locale\" content=\"ca_ES\" \/>\n<meta property=\"og:type\" content=\"article\" \/>\n<meta property=\"og:title\" content=\"Pol\u00edtica de Cookies - MANDUM\" \/>\n<meta property=\"og:description\" content=\"Pol\u00edtica de cookies \u00daltima actualitzaci\u00f3: 22 de Novembre de 2025 Sumari \u2022 Cookies usades: Pr\u00f2pies i de Tercers \u2022 S&#8217;utilitzen per a obtenir estad\u00edstiques? S\u00ed, sent la base legal el nostre inter\u00e8s leg\u00edtim a realitzar una millor gesti\u00f3 del servei. \u2022 Serveis de tercers que instal\u00b7len cookies a trav\u00e9s d&#8217;aquesta web: Google Analytics Com configurar [&hellip;]\" \/>\n<meta property=\"og:url\" content=\"https:\/\/mandum.com\/ca\/politica-de-cookies\/\" \/>\n<meta property=\"og:site_name\" content=\"MANDUM\" \/>\n<meta property=\"article:modified_time\" content=\"2026-02-04T11:26:06+00:00\" \/>\n<meta name=\"twitter:card\" content=\"summary_large_image\" \/>\n<meta name=\"twitter:label1\" content=\"Temps estimat de lectura\" \/>\n\t<meta name=\"twitter:data1\" content=\"2 minuts\" \/>\n<script type=\"application\/ld+json\" class=\"yoast-schema-graph\">{\"@context\":\"https:\/\/schema.org\",\"@graph\":[{\"@type\":\"WebPage\",\"@id\":\"https:\/\/mandum.com\/ca\/politica-de-cookies\/\",\"url\":\"https:\/\/mandum.com\/ca\/politica-de-cookies\/\",\"name\":\"Pol\u00edtica de Cookies - MANDUM\",\"isPartOf\":{\"@id\":\"https:\/\/mandum.com\/ca\/#website\"},\"datePublished\":\"2025-11-13T07:59:58+00:00\",\"dateModified\":\"2026-02-04T11:26:06+00:00\",\"breadcrumb\":{\"@id\":\"https:\/\/mandum.com\/ca\/politica-de-cookies\/#breadcrumb\"},\"inLanguage\":\"ca\",\"potentialAction\":[{\"@type\":\"ReadAction\",\"target\":[\"https:\/\/mandum.com\/ca\/politica-de-cookies\/\"]}]},{\"@type\":\"BreadcrumbList\",\"@id\":\"https:\/\/mandum.com\/ca\/politica-de-cookies\/#breadcrumb\",\"itemListElement\":[{\"@type\":\"ListItem\",\"position\":1,\"name\":\"Portada\",\"item\":\"https:\/\/mandum.com\/ca\/\"},{\"@type\":\"ListItem\",\"position\":2,\"name\":\"Pol\u00edtica de Cookies\"}]},{\"@type\":\"WebSite\",\"@id\":\"https:\/\/mandum.com\/ca\/#website\",\"url\":\"https:\/\/mandum.com\/ca\/\",\"name\":\"MANDUM\",\"description\":\"Slow Fashion\",\"publisher\":{\"@id\":\"https:\/\/mandum.com\/ca\/#organization\"},\"potentialAction\":[{\"@type\":\"SearchAction\",\"target\":{\"@type\":\"EntryPoint\",\"urlTemplate\":\"https:\/\/mandum.com\/ca\/?s={search_term_string}\"},\"query-input\":{\"@type\":\"PropertyValueSpecification\",\"valueRequired\":true,\"valueName\":\"search_term_string\"}}],\"inLanguage\":\"ca\"},{\"@type\":\"Organization\",\"@id\":\"https:\/\/mandum.com\/ca\/#organization\",\"name\":\"MANDUM\",\"url\":\"https:\/\/mandum.com\/ca\/\",\"logo\":{\"@type\":\"ImageObject\",\"inLanguage\":\"ca\",\"@id\":\"https:\/\/mandum.com\/ca\/#\/schema\/logo\/image\/\",\"url\":\"https:\/\/mandum.com\/wp-content\/uploads\/2025\/11\/logo-mandum-scaled-1.png\",\"contentUrl\":\"https:\/\/mandum.com\/wp-content\/uploads\/2025\/11\/logo-mandum-scaled-1.png\",\"width\":2560,\"height\":884,\"caption\":\"MANDUM\"},\"image\":{\"@id\":\"https:\/\/mandum.com\/ca\/#\/schema\/logo\/image\/\"}}]}<\/script>\n<!-- \/ Yoast SEO plugin. -->","yoast_head_json":{"title":"Pol\u00edtica de Cookies - MANDUM","robots":{"index":"noindex","follow":"nofollow"},"og_locale":"ca_ES","og_type":"article","og_title":"Pol\u00edtica de Cookies - MANDUM","og_description":"Pol\u00edtica de cookies \u00daltima actualitzaci\u00f3: 22 de Novembre de 2025 Sumari \u2022 Cookies usades: Pr\u00f2pies i de Tercers \u2022 S&#8217;utilitzen per a obtenir estad\u00edstiques? S\u00ed, sent la base legal el nostre inter\u00e8s leg\u00edtim a realitzar una millor gesti\u00f3 del servei. \u2022 Serveis de tercers que instal\u00b7len cookies a trav\u00e9s d&#8217;aquesta web: Google Analytics Com configurar [&hellip;]","og_url":"https:\/\/mandum.com\/ca\/politica-de-cookies\/","og_site_name":"MANDUM","article_modified_time":"2026-02-04T11:26:06+00:00","twitter_card":"summary_large_image","twitter_misc":{"Temps estimat de lectura":"2 minuts"},"schema":{"@context":"https:\/\/schema.org","@graph":[{"@type":"WebPage","@id":"https:\/\/mandum.com\/ca\/politica-de-cookies\/","url":"https:\/\/mandum.com\/ca\/politica-de-cookies\/","name":"Pol\u00edtica de Cookies - MANDUM","isPartOf":{"@id":"https:\/\/mandum.com\/ca\/#website"},"datePublished":"2025-11-13T07:59:58+00:00","dateModified":"2026-02-04T11:26:06+00:00","breadcrumb":{"@id":"https:\/\/mandum.com\/ca\/politica-de-cookies\/#breadcrumb"},"inLanguage":"ca","potentialAction":[{"@type":"ReadAction","target":["https:\/\/mandum.com\/ca\/politica-de-cookies\/"]}]},{"@type":"BreadcrumbList","@id":"https:\/\/mandum.com\/ca\/politica-de-cookies\/#breadcrumb","itemListElement":[{"@type":"ListItem","position":1,"name":"Portada","item":"https:\/\/mandum.com\/ca\/"},{"@type":"ListItem","position":2,"name":"Pol\u00edtica de Cookies"}]},{"@type":"WebSite","@id":"https:\/\/mandum.com\/ca\/#website","url":"https:\/\/mandum.com\/ca\/","name":"MANDUM","description":"Slow Fashion","publisher":{"@id":"https:\/\/mandum.com\/ca\/#organization"},"potentialAction":[{"@type":"SearchAction","target":{"@type":"EntryPoint","urlTemplate":"https:\/\/mandum.com\/ca\/?s={search_term_string}"},"query-input":{"@type":"PropertyValueSpecification","valueRequired":true,"valueName":"search_term_string"}}],"inLanguage":"ca"},{"@type":"Organization","@id":"https:\/\/mandum.com\/ca\/#organization","name":"MANDUM","url":"https:\/\/mandum.com\/ca\/","logo":{"@type":"ImageObject","inLanguage":"ca","@id":"https:\/\/mandum.com\/ca\/#\/schema\/logo\/image\/","url":"https:\/\/mandum.com\/wp-content\/uploads\/2025\/11\/logo-mandum-scaled-1.png","contentUrl":"https:\/\/mandum.com\/wp-content\/uploads\/2025\/11\/logo-mandum-scaled-1.png","width":2560,"height":884,"caption":"MANDUM"},"image":{"@id":"https:\/\/mandum.com\/ca\/#\/schema\/logo\/image\/"}}]}},"_links":{"self":[{"href":"https:\/\/mandum.com\/ca\/wp-json\/wp\/v2\/pages\/93631","targetHints":{"allow":["GET"]}}],"collection":[{"href":"https:\/\/mandum.com\/ca\/wp-json\/wp\/v2\/pages"}],"about":[{"href":"https:\/\/mandum.com\/ca\/wp-json\/wp\/v2\/types\/page"}],"author":[{"embeddable":true,"href":"https:\/\/mandum.com\/ca\/wp-json\/wp\/v2\/users\/73"}],"replies":[{"embeddable":true,"href":"https:\/\/mandum.com\/ca\/wp-json\/wp\/v2\/comments?post=93631"}],"version-history":[{"count":2,"href":"https:\/\/mandum.com\/ca\/wp-json\/wp\/v2\/pages\/93631\/revisions"}],"predecessor-version":[{"id":96836,"href":"https:\/\/mandum.com\/ca\/wp-json\/wp\/v2\/pages\/93631\/revisions\/96836"}],"wp:attachment":[{"href":"https:\/\/mandum.com\/ca\/wp-json\/wp\/v2\/media?parent=93631"}],"curies":[{"name":"wp","href":"https:\/\/api.w.org\/{rel}","templated":true}]}}