{"id":96486,"date":"2025-12-22T10:51:16","date_gmt":"2025-12-22T09:51:16","guid":{"rendered":"https:\/\/mandum.com\/producto\/aro-ariadna\/"},"modified":"2025-12-22T11:11:16","modified_gmt":"2025-12-22T10:11:16","slug":"aro-ariadna","status":"publish","type":"product","link":"https:\/\/mandum.com\/ca\/producte\/aro-ariadna\/","title":{"rendered":"Aro Ariadna"},"content":{"rendered":"<p>Coure i zinc, lliure de n\u00edquel, xapat en or de 0,25 micres i 18kt sotm\u00e8s a un lacatge electrol\u00edtic e-coating.<br \/>\nAquest producte \u00e9s artesanal, els seus acabats, grand\u00e0ria, forma i tonalitat poden variar lleugerament i formen part de l&#8217;originalitat de la pe\u00e7a.<br \/>\nPer favor llegeix les instruccions de cura per a assegurar una millor conservaci\u00f3 i durabilitat.<\/p>\n<p>Aro: 36 mm \u00f8<\/p>\n","protected":false},"excerpt":{"rendered":"<p>Coure i zinc, lliure de n\u00edquel, xapat en or de 0,25 micres i 18kt sotm\u00e8s a un lacatge electrol\u00edtic e-coating. Aquest producte \u00e9s artesanal, els seus acabats, grand\u00e0ria, forma i tonalitat poden variar lleugerament i formen part de l&#8217;originalitat de la pe\u00e7a. Per favor llegeix les instruccions de cura per a assegurar una millor conservaci\u00f3 [&hellip;]<\/p>\n","protected":false},"featured_media":96484,"comment_status":"closed","ping_status":"closed","template":"","meta":{"_acf_changed":false},"product_brand":[],"product_cat":[828],"product_tag":[],"class_list":{"0":"post-96486","1":"product","2":"type-product","3":"status-publish","4":"has-post-thumbnail","6":"product_cat-arracades","7":"pa_piedra-sense-pedra-ca","9":"first","10":"instock","11":"purchasable","12":"product-type-simple"},"acf":[],"yoast_head":"<!-- This site is optimized with the Yoast SEO plugin v26.6 - https:\/\/yoast.com\/wordpress\/plugins\/seo\/ -->\n<title>Aro Ariadna - MANDUM<\/title>\n<meta name=\"robots\" content=\"index, follow, max-snippet:-1, max-image-preview:large, max-video-preview:-1\" \/>\n<link rel=\"canonical\" href=\"https:\/\/mandum.com\/ca\/producte\/aro-ariadna\/\" \/>\n<meta property=\"og:locale\" content=\"ca_ES\" \/>\n<meta property=\"og:type\" content=\"article\" \/>\n<meta property=\"og:title\" content=\"Aro Ariadna - MANDUM\" \/>\n<meta property=\"og:description\" content=\"Coure i zinc, lliure de n\u00edquel, xapat en or de 0,25 micres i 18kt sotm\u00e8s a un lacatge electrol\u00edtic e-coating. Aquest producte \u00e9s artesanal, els seus acabats, grand\u00e0ria, forma i tonalitat poden variar lleugerament i formen part de l&#8217;originalitat de la pe\u00e7a. Per favor llegeix les instruccions de cura per a assegurar una millor conservaci\u00f3 [&hellip;]\" \/>\n<meta property=\"og:url\" content=\"https:\/\/mandum.com\/ca\/producte\/aro-ariadna\/\" \/>\n<meta property=\"og:site_name\" content=\"MANDUM\" \/>\n<meta property=\"article:modified_time\" content=\"2025-12-22T10:11:16+00:00\" \/>\n<meta property=\"og:image\" content=\"https:\/\/mandum.com\/wp-content\/uploads\/2025\/12\/ARBR168b.jpg\" \/>\n\t<meta property=\"og:image:width\" content=\"1620\" \/>\n\t<meta property=\"og:image:height\" content=\"1080\" \/>\n\t<meta property=\"og:image:type\" content=\"image\/jpeg\" \/>\n<meta name=\"twitter:card\" content=\"summary_large_image\" \/>\n<script type=\"application\/ld+json\" class=\"yoast-schema-graph\">{\"@context\":\"https:\/\/schema.org\",\"@graph\":[{\"@type\":\"WebPage\",\"@id\":\"https:\/\/mandum.com\/ca\/producte\/aro-ariadna\/\",\"url\":\"https:\/\/mandum.com\/ca\/producte\/aro-ariadna\/\",\"name\":\"Aro Ariadna - MANDUM\",\"isPartOf\":{\"@id\":\"https:\/\/mandum.com\/ca\/#website\"},\"primaryImageOfPage\":{\"@id\":\"https:\/\/mandum.com\/ca\/producte\/aro-ariadna\/#primaryimage\"},\"image\":{\"@id\":\"https:\/\/mandum.com\/ca\/producte\/aro-ariadna\/#primaryimage\"},\"thumbnailUrl\":\"https:\/\/mandum.com\/wp-content\/uploads\/2025\/12\/ARBR168b.jpg\",\"datePublished\":\"2025-12-22T09:51:16+00:00\",\"dateModified\":\"2025-12-22T10:11:16+00:00\",\"breadcrumb\":{\"@id\":\"https:\/\/mandum.com\/ca\/producte\/aro-ariadna\/#breadcrumb\"},\"inLanguage\":\"ca\",\"potentialAction\":[{\"@type\":\"ReadAction\",\"target\":[\"https:\/\/mandum.com\/ca\/producte\/aro-ariadna\/\"]}]},{\"@type\":\"ImageObject\",\"inLanguage\":\"ca\",\"@id\":\"https:\/\/mandum.com\/ca\/producte\/aro-ariadna\/#primaryimage\",\"url\":\"https:\/\/mandum.com\/wp-content\/uploads\/2025\/12\/ARBR168b.jpg\",\"contentUrl\":\"https:\/\/mandum.com\/wp-content\/uploads\/2025\/12\/ARBR168b.jpg\",\"width\":1620,\"height\":1080},{\"@type\":\"BreadcrumbList\",\"@id\":\"https:\/\/mandum.com\/ca\/producte\/aro-ariadna\/#breadcrumb\",\"itemListElement\":[{\"@type\":\"ListItem\",\"position\":1,\"name\":\"Portada\",\"item\":\"https:\/\/mandum.com\/ca\/\"},{\"@type\":\"ListItem\",\"position\":2,\"name\":\"Productes\",\"item\":\"https:\/\/mandum.com\/ca\/shop\/\"},{\"@type\":\"ListItem\",\"position\":3,\"name\":\"Aro Ariadna\"}]},{\"@type\":\"WebSite\",\"@id\":\"https:\/\/mandum.com\/ca\/#website\",\"url\":\"https:\/\/mandum.com\/ca\/\",\"name\":\"MANDUM\",\"description\":\"Slow Fashion\",\"publisher\":{\"@id\":\"https:\/\/mandum.com\/ca\/#organization\"},\"potentialAction\":[{\"@type\":\"SearchAction\",\"target\":{\"@type\":\"EntryPoint\",\"urlTemplate\":\"https:\/\/mandum.com\/ca\/?s={search_term_string}\"},\"query-input\":{\"@type\":\"PropertyValueSpecification\",\"valueRequired\":true,\"valueName\":\"search_term_string\"}}],\"inLanguage\":\"ca\"},{\"@type\":\"Organization\",\"@id\":\"https:\/\/mandum.com\/ca\/#organization\",\"name\":\"MANDUM\",\"url\":\"https:\/\/mandum.com\/ca\/\",\"logo\":{\"@type\":\"ImageObject\",\"inLanguage\":\"ca\",\"@id\":\"https:\/\/mandum.com\/ca\/#\/schema\/logo\/image\/\",\"url\":\"https:\/\/mandum.com\/wp-content\/uploads\/2025\/11\/logo-mandum-scaled-1.png\",\"contentUrl\":\"https:\/\/mandum.com\/wp-content\/uploads\/2025\/11\/logo-mandum-scaled-1.png\",\"width\":2560,\"height\":884,\"caption\":\"MANDUM\"},\"image\":{\"@id\":\"https:\/\/mandum.com\/ca\/#\/schema\/logo\/image\/\"}}]}<\/script>\n<!-- \/ Yoast SEO plugin. -->","yoast_head_json":{"title":"Aro Ariadna - MANDUM","robots":{"index":"index","follow":"follow","max-snippet":"max-snippet:-1","max-image-preview":"max-image-preview:large","max-video-preview":"max-video-preview:-1"},"canonical":"https:\/\/mandum.com\/ca\/producte\/aro-ariadna\/","og_locale":"ca_ES","og_type":"article","og_title":"Aro Ariadna - MANDUM","og_description":"Coure i zinc, lliure de n\u00edquel, xapat en or de 0,25 micres i 18kt sotm\u00e8s a un lacatge electrol\u00edtic e-coating. Aquest producte \u00e9s artesanal, els seus acabats, grand\u00e0ria, forma i tonalitat poden variar lleugerament i formen part de l&#8217;originalitat de la pe\u00e7a. Per favor llegeix les instruccions de cura per a assegurar una millor conservaci\u00f3 [&hellip;]","og_url":"https:\/\/mandum.com\/ca\/producte\/aro-ariadna\/","og_site_name":"MANDUM","article_modified_time":"2025-12-22T10:11:16+00:00","og_image":[{"width":1620,"height":1080,"url":"https:\/\/mandum.com\/wp-content\/uploads\/2025\/12\/ARBR168b.jpg","type":"image\/jpeg"}],"twitter_card":"summary_large_image","schema":{"@context":"https:\/\/schema.org","@graph":[{"@type":"WebPage","@id":"https:\/\/mandum.com\/ca\/producte\/aro-ariadna\/","url":"https:\/\/mandum.com\/ca\/producte\/aro-ariadna\/","name":"Aro Ariadna - MANDUM","isPartOf":{"@id":"https:\/\/mandum.com\/ca\/#website"},"primaryImageOfPage":{"@id":"https:\/\/mandum.com\/ca\/producte\/aro-ariadna\/#primaryimage"},"image":{"@id":"https:\/\/mandum.com\/ca\/producte\/aro-ariadna\/#primaryimage"},"thumbnailUrl":"https:\/\/mandum.com\/wp-content\/uploads\/2025\/12\/ARBR168b.jpg","datePublished":"2025-12-22T09:51:16+00:00","dateModified":"2025-12-22T10:11:16+00:00","breadcrumb":{"@id":"https:\/\/mandum.com\/ca\/producte\/aro-ariadna\/#breadcrumb"},"inLanguage":"ca","potentialAction":[{"@type":"ReadAction","target":["https:\/\/mandum.com\/ca\/producte\/aro-ariadna\/"]}]},{"@type":"ImageObject","inLanguage":"ca","@id":"https:\/\/mandum.com\/ca\/producte\/aro-ariadna\/#primaryimage","url":"https:\/\/mandum.com\/wp-content\/uploads\/2025\/12\/ARBR168b.jpg","contentUrl":"https:\/\/mandum.com\/wp-content\/uploads\/2025\/12\/ARBR168b.jpg","width":1620,"height":1080},{"@type":"BreadcrumbList","@id":"https:\/\/mandum.com\/ca\/producte\/aro-ariadna\/#breadcrumb","itemListElement":[{"@type":"ListItem","position":1,"name":"Portada","item":"https:\/\/mandum.com\/ca\/"},{"@type":"ListItem","position":2,"name":"Productes","item":"https:\/\/mandum.com\/ca\/shop\/"},{"@type":"ListItem","position":3,"name":"Aro Ariadna"}]},{"@type":"WebSite","@id":"https:\/\/mandum.com\/ca\/#website","url":"https:\/\/mandum.com\/ca\/","name":"MANDUM","description":"Slow Fashion","publisher":{"@id":"https:\/\/mandum.com\/ca\/#organization"},"potentialAction":[{"@type":"SearchAction","target":{"@type":"EntryPoint","urlTemplate":"https:\/\/mandum.com\/ca\/?s={search_term_string}"},"query-input":{"@type":"PropertyValueSpecification","valueRequired":true,"valueName":"search_term_string"}}],"inLanguage":"ca"},{"@type":"Organization","@id":"https:\/\/mandum.com\/ca\/#organization","name":"MANDUM","url":"https:\/\/mandum.com\/ca\/","logo":{"@type":"ImageObject","inLanguage":"ca","@id":"https:\/\/mandum.com\/ca\/#\/schema\/logo\/image\/","url":"https:\/\/mandum.com\/wp-content\/uploads\/2025\/11\/logo-mandum-scaled-1.png","contentUrl":"https:\/\/mandum.com\/wp-content\/uploads\/2025\/11\/logo-mandum-scaled-1.png","width":2560,"height":884,"caption":"MANDUM"},"image":{"@id":"https:\/\/mandum.com\/ca\/#\/schema\/logo\/image\/"}}]}},"_links":{"self":[{"href":"https:\/\/mandum.com\/ca\/wp-json\/wp\/v2\/product\/96486","targetHints":{"allow":["GET"]}}],"collection":[{"href":"https:\/\/mandum.com\/ca\/wp-json\/wp\/v2\/product"}],"about":[{"href":"https:\/\/mandum.com\/ca\/wp-json\/wp\/v2\/types\/product"}],"replies":[{"embeddable":true,"href":"https:\/\/mandum.com\/ca\/wp-json\/wp\/v2\/comments?post=96486"}],"wp:featuredmedia":[{"embeddable":true,"href":"https:\/\/mandum.com\/ca\/wp-json\/wp\/v2\/media\/96484"}],"wp:attachment":[{"href":"https:\/\/mandum.com\/ca\/wp-json\/wp\/v2\/media?parent=96486"}],"wp:term":[{"taxonomy":"product_brand","embeddable":true,"href":"https:\/\/mandum.com\/ca\/wp-json\/wp\/v2\/product_brand?post=96486"},{"taxonomy":"product_cat","embeddable":true,"href":"https:\/\/mandum.com\/ca\/wp-json\/wp\/v2\/product_cat?post=96486"},{"taxonomy":"product_tag","embeddable":true,"href":"https:\/\/mandum.com\/ca\/wp-json\/wp\/v2\/product_tag?post=96486"}],"curies":[{"name":"wp","href":"https:\/\/api.w.org\/{rel}","templated":true}]}}